{"id":7945,"date":"2026-02-17T21:34:11","date_gmt":"2026-02-17T19:34:11","guid":{"rendered":"https:\/\/landiphotoclub.fr\/?page_id=7945"},"modified":"2026-02-17T22:09:10","modified_gmt":"2026-02-17T20:09:10","slug":"pluie-dimages-2026-noz","status":"publish","type":"page","link":"https:\/\/landiphotoclub.fr\/?page_id=7945","title":{"rendered":"Pluie d&rsquo;images 2026 : \u00ab\u00a0Noz\u00a0\u00bb"},"content":{"rendered":"<p><strong><em>Dans le cadre du Festival Pluie d\u2019images 2026\u00a0: \u00ab\u00a0On Noz la nuit<\/em><\/strong><strong><em>\u00a0\u00bb<\/em><\/strong><\/p>\n<p><strong>\u00a0<\/strong><strong>\u00ab\u00a0NOZ\u00a0\u00bb<\/strong><\/p>\n<p>\u00ab Noz \u00bb, un petit mot breton qui signifie \u00ab Nuit \u00bb. Et si on osait, tout simplement, photographier la nuit\u00a0?<\/p>\n<p>C\u2019est le nouveau d\u00e9fi relev\u00e9 par le Landi Photo Club, en participant pour la 4<sup>\u00e8me<\/sup> ann\u00e9e cons\u00e9cutive au Festival Pluie d\u2019images, dans la r\u00e9gion brestoise. Le th\u00e8me de l\u2019\u00e9dition 2026 est un v\u00e9ritable jeu de mots \u00ab\u00a0<em>On Noz la nuit<\/em>\u00a0\u00bb.<\/p>\n<p>Myst\u00e9rieuse, magique, inqui\u00e9tante, envo\u00fbtante, inspirante&#8230;? \u00c0 chacun sa vision de la nuit. Les membres du club n\u2019ont pas h\u00e9sit\u00e9 \u00e0 sortir de leur zone de confort, pour faire de \u201cNoz\u201d leur amie, tant\u00f4t bravant le sablier pour aller \u00e0 sa rencontre, tant\u00f4t imaginant et recr\u00e9ant une ambiance nocturne, par une habile mise en sc\u00e8ne.<\/p>\n<p>Les 33 photographies pr\u00e9sent\u00e9es ont \u00e9t\u00e9 imprim\u00e9es sur support alu, aux formats 40&#215;60 cm et 40x40cm.<\/p>\n<p>Osons, osez, voir la nuit sous un autre jour ! Parce ce que \u201c<em>l\u2019On Noz la nuit\u201d.<\/em><\/p>\n<p><sub>\u00a0<p><!-- Easy Photo Album --><\/p>\n<style type=\"text\/css\">\n\t#epa-album-7909-7945-0 .epa-image {\n\t\twidth: 31%;\n\t}\n<\/style>\n<ul id=\"epa-album-7909-7945-0\" class=\"epa-album epa-cf\">\n<li class=\"epa-row  epa-cf\">\n<div class=\"epa-image\"><a href=\"https:\/\/landiphotoclub.fr\/wp-content\/uploads\/2026\/02\/01-Sophie-ABGRALL-533x800-1.jpg\" data-lightbox=\"epa-album-7909-7945-0\" title=\"01- Sophie ABGRALL\"><img decoding=\"async\" src=\"https:\/\/landiphotoclub.fr\/wp-content\/uploads\/2026\/02\/01-Sophie-ABGRALL-533x800-1-150x150.jpg\" alt=\"01 - Sophie ABGRALL (533x800)\"\/><br \/><span class=\"epa-title wp-caption\">01- Sophie ABGRALL<\/span><\/a><\/div>\n<div class=\"epa-image\"><a href=\"https:\/\/landiphotoclub.fr\/wp-content\/uploads\/2026\/02\/02-Sylvain-BARON-533x800-1.jpg\" data-lightbox=\"epa-album-7909-7945-0\" title=\"02- Sylvain BARON\"><img decoding=\"async\" src=\"https:\/\/landiphotoclub.fr\/wp-content\/uploads\/2026\/02\/02-Sylvain-BARON-533x800-1-150x150.jpg\" alt=\"02 - Sylvain BARON\"\/><br \/><span class=\"epa-title wp-caption\">02- Sylvain BARON<\/span><\/a><\/div>\n<div class=\"epa-image\"><a href=\"https:\/\/landiphotoclub.fr\/wp-content\/uploads\/2026\/02\/03-Helene-BECKING-800x533-1.jpg\" data-lightbox=\"epa-album-7909-7945-0\" title=\"03- H\u00e9l\u00e8ne BECKING\"><img decoding=\"async\" src=\"https:\/\/landiphotoclub.fr\/wp-content\/uploads\/2026\/02\/03-Helene-BECKING-800x533-1-150x150.jpg\" alt=\"03 - H\u00e9l\u00e8ne BECKING \"\/><br \/><span class=\"epa-title wp-caption\">03- H\u00e9l\u00e8ne BECKING<\/span><\/a><\/div>\n<\/li>\n<\/ul>\n<p><!-- epa more --> <a href=\"https:\/\/landiphotoclub.fr\/?easy-photo-album=pluie-dimages-2026-noz#more-7909\" class=\"more-link\">Lire plus &#8230;<\/a><\/p>\n<\/sub><\/p>\n","protected":false},"excerpt":{"rendered":"<!-- Easy Photo Album -->\r\n<style type=\"text\/css\">\r\n\t#epa-album-7909 .epa-image {\r\n\t\twidth: 31%;\r\n\t}\r\n<\/style><ul id=\"epa-album-7909\" class=\"epa-album epa-cf\">\r\n<li class=\"epa-row  epa-cf\">\r\n\t\t\t\t<div class=\"epa-image\"><a href=\"https:\/\/landiphotoclub.fr\/wp-content\/uploads\/2026\/02\/01-Sophie-ABGRALL-533x800-1.jpg\" data-lightbox=\"epa-album-7909\" title=\"01- Sophie ABGRALL\"><img decoding=\"async\" src=\"https:\/\/landiphotoclub.fr\/wp-content\/uploads\/2026\/02\/01-Sophie-ABGRALL-533x800-1-150x150.jpg\" alt=\"01 - Sophie ABGRALL (533x800)\"\/><br \/><span class=\"epa-title wp-caption\">01- Sophie ABGRALL<\/span><\/a><\/div><div class=\"epa-image\"><a href=\"https:\/\/landiphotoclub.fr\/wp-content\/uploads\/2026\/02\/02-Sylvain-BARON-533x800-1.jpg\" data-lightbox=\"epa-album-7909\" title=\"02- Sylvain BARON\"><img decoding=\"async\" src=\"https:\/\/landiphotoclub.fr\/wp-content\/uploads\/2026\/02\/02-Sylvain-BARON-533x800-1-150x150.jpg\" alt=\"02 - Sylvain BARON\"\/><br \/><span class=\"epa-title wp-caption\">02- Sylvain BARON<\/span><\/a><\/div><div class=\"epa-image\"><a href=\"https:\/\/landiphotoclub.fr\/wp-content\/uploads\/2026\/02\/03-Helene-BECKING-800x533-1.jpg\" data-lightbox=\"epa-album-7909\" title=\"03- H\u00e9l\u00e8ne BECKING\"><img decoding=\"async\" src=\"https:\/\/landiphotoclub.fr\/wp-content\/uploads\/2026\/02\/03-Helene-BECKING-800x533-1-150x150.jpg\" alt=\"03 - H\u00e9l\u00e8ne BECKING \"\/><br \/><span class=\"epa-title wp-caption\">03- H\u00e9l\u00e8ne BECKING<\/span><\/a><\/div>\r\n<\/li><\/ul><!-- epa more --> <a href=\"https:\/\/landiphotoclub.fr\/?page_id=7945#more-7945\" class=\"more-link\">Lire plus ...<\/a>","protected":false},"author":5,"featured_media":0,"parent":0,"menu_order":0,"comment_status":"closed","ping_status":"closed","template":"","meta":{"footnotes":""},"class_list":["post-7945","page","type-page","status-publish","hentry"],"_links":{"self":[{"href":"https:\/\/landiphotoclub.fr\/index.php?rest_route=\/wp\/v2\/pages\/7945","targetHints":{"allow":["GET"]}}],"collection":[{"href":"https:\/\/landiphotoclub.fr\/index.php?rest_route=\/wp\/v2\/pages"}],"about":[{"href":"https:\/\/landiphotoclub.fr\/index.php?rest_route=\/wp\/v2\/types\/page"}],"author":[{"embeddable":true,"href":"https:\/\/landiphotoclub.fr\/index.php?rest_route=\/wp\/v2\/users\/5"}],"replies":[{"embeddable":true,"href":"https:\/\/landiphotoclub.fr\/index.php?rest_route=%2Fwp%2Fv2%2Fcomments&post=7945"}],"version-history":[{"count":5,"href":"https:\/\/landiphotoclub.fr\/index.php?rest_route=\/wp\/v2\/pages\/7945\/revisions"}],"predecessor-version":[{"id":7979,"href":"https:\/\/landiphotoclub.fr\/index.php?rest_route=\/wp\/v2\/pages\/7945\/revisions\/7979"}],"wp:attachment":[{"href":"https:\/\/landiphotoclub.fr\/index.php?rest_route=%2Fwp%2Fv2%2Fmedia&parent=7945"}],"curies":[{"name":"wp","href":"https:\/\/api.w.org\/{rel}","templated":true}]}}