{"id":7015,"date":"2025-03-21T14:06:14","date_gmt":"2025-03-21T12:06:14","guid":{"rendered":"https:\/\/landiphotoclub.fr\/?page_id=7015"},"modified":"2026-02-17T21:57:11","modified_gmt":"2026-02-17T19:57:11","slug":"insolite","status":"publish","type":"page","link":"https:\/\/landiphotoclub.fr\/?page_id=7015","title":{"rendered":"Insolite"},"content":{"rendered":"<p><em>AUCUN TRUCAGE, AUCUNE MISE EN SC\u00c8NE\u00a0<\/em><\/p>\n<p><em>DES SITUATIONS PRISES SUR LE VIF<\/em><\/p>\n<p>Saison 2023-2024, nouveau d\u00e9fi pour les membres du Landi Photo Club\u00a0! Le th\u00e8me retenu pour l\u2019exposition annuelle \u00e9tait \u00ab\u00a0Insolite\u00a0\u00bb (<em>qui \u00e9tonne, surprend par son caract\u00e8re inaccoutum\u00e9)<\/em>. Un travail de longue haleine plut\u00f4t difficile, mais bel et bien passionnant.<\/p>\n<p>Contrairement aux projets pr\u00e9c\u00e9dents qui laissaient toute latitude pour imaginer, cr\u00e9er et composer les photographies, ici nulle place \u00e0 l\u2019anticipation\u00a0! Il fallait ouvrir l\u2019\u0153il, pour d\u00e9nicher un endroit, un objet \u00e9tonnant, ou encore \u00eatre l\u00e0 au bon moment pour immortaliser une situation inopin\u00e9e. R\u00e9activit\u00e9 et ma\u00eetrise du bo\u00eetier \u00e9taient de rigueur\u00a0!<\/p>\n<p>En vacances, pr\u00e8s de chez soi, en ville, dans la nature&#8230;, l\u2019insolite peut \u00eatre partout et nulle part. Ainsi, en raison de la complexit\u00e9 du sujet, nous avons fait preuve de souplesse, en autorisant les membres \u00e0 pr\u00e9senter \u00e0 la fois des clich\u00e9s r\u00e9cents, mais \u00e9galement d\u2019autres, r\u00e9alis\u00e9s au cours des ann\u00e9es pr\u00e9c\u00e9dentes.<\/p>\n<p>Ce projet d\u2019exposition est n\u00e9 de notre rencontre en octobre 2023, avec le photographe \u00a0Pierre Le Gall. Ses amis, Robert Doisneau et Michel Tournier, le d\u00e9crivaient\u00a0 comme \u00ab\u00a0l&rsquo;homme invisible\u00a0\u00bb, capable de saisir d&rsquo;infimes fractions de temps. Son \u0153uvre prolifique respire l&rsquo;authenticit\u00e9, la simplicit\u00e9, sans aucune fioriture, avec un zeste d&rsquo;humour.<\/p>\n<p>\u00c0 notre tour nous avons jou\u00e9 les photographes de l\u2019instantan\u00e9. Juste un regard, et clic-clac c\u2019est dans la bo\u00eete\u00a0! N\u2019est-ce point l\u00e0 le charme, le plaisir de la photographie\u00a0? Saisir l\u2019inattendu, l\u2019\u00e9tonnant, au gr\u00e9 de ses d\u00e9ambulations, sans arri\u00e8re-pens\u00e9es.<\/p>\n<p>\u201c<em>La photographie, c&rsquo;est l&rsquo;art de saisir l&rsquo;\u00e2me d&rsquo;un instant.<\/em>\u201d\u00a0disait la photographe am\u00e9ricaine <strong>Margaret Bourke-White.<\/strong><\/p>\n<p><!-- Easy Photo Album --><\/p>\n<style type=\"text\/css\">\n\t#epa-album-7063-7015-0 .epa-image {\n\t\twidth: 31%;\n\t}\n<\/style>\n<ul id=\"epa-album-7063-7015-0\" class=\"epa-album epa-cf\">\n<li class=\"epa-row  epa-cf\">\n<div class=\"epa-image\"><a href=\"https:\/\/landiphotoclub.fr\/wp-content\/uploads\/2025\/03\/01-Alain-LE-BIAN-2-683x1024.jpg\" data-lightbox=\"epa-album-7063-7015-0\" title=\"01 Alain LE BIAN\"><img decoding=\"async\" src=\"https:\/\/landiphotoclub.fr\/wp-content\/uploads\/2025\/03\/01-Alain-LE-BIAN-2-150x150.jpg\" alt=\"01 Alain LE BIAN\"\/><br \/><span class=\"epa-title wp-caption\">01 Alain LE BIAN<\/span><\/a><\/div>\n<div class=\"epa-image\"><a href=\"https:\/\/landiphotoclub.fr\/wp-content\/uploads\/2025\/03\/02-Amandine-POULIQUEN-1.jpg\" data-lightbox=\"epa-album-7063-7015-0\" title=\"02 Amandine POULIQUEN\"><img decoding=\"async\" src=\"https:\/\/landiphotoclub.fr\/wp-content\/uploads\/2025\/03\/02-Amandine-POULIQUEN-1-150x150.jpg\" alt=\"02 Amandine POULIQUEN\"\/><br \/><span class=\"epa-title wp-caption\">02 Amandine POULIQUEN<\/span><\/a><\/div>\n<div class=\"epa-image\"><a href=\"https:\/\/landiphotoclub.fr\/wp-content\/uploads\/2025\/03\/03-Andre-SEITE-1-683x1024.jpg\" data-lightbox=\"epa-album-7063-7015-0\" title=\"03 Andr\u00e9 SEITE\"><img decoding=\"async\" src=\"https:\/\/landiphotoclub.fr\/wp-content\/uploads\/2025\/03\/03-Andre-SEITE-1-150x150.jpg\" alt=\"03 Andr\u00e9 SEITE\"\/><br \/><span class=\"epa-title wp-caption\">03 Andr\u00e9 SEITE<\/span><\/a><\/div>\n<\/li>\n<\/ul>\n<p><!-- epa more --> <a href=\"https:\/\/landiphotoclub.fr\/?easy-photo-album=insolite#more-7063\" class=\"more-link\">Lire plus &#8230;<\/a><\/p>\n\n<p>&nbsp;<\/p>\n","protected":false},"excerpt":{"rendered":"<!-- Easy Photo Album -->\r\n<style type=\"text\/css\">\r\n\t#epa-album-7063 .epa-image {\r\n\t\twidth: 31%;\r\n\t}\r\n<\/style><ul id=\"epa-album-7063\" class=\"epa-album epa-cf\">\r\n<li class=\"epa-row  epa-cf\">\r\n\t\t\t\t<div class=\"epa-image\"><a href=\"https:\/\/landiphotoclub.fr\/wp-content\/uploads\/2025\/03\/01-Alain-LE-BIAN-2-683x1024.jpg\" data-lightbox=\"epa-album-7063\" title=\"01 Alain LE BIAN\"><img decoding=\"async\" src=\"https:\/\/landiphotoclub.fr\/wp-content\/uploads\/2025\/03\/01-Alain-LE-BIAN-2-150x150.jpg\" alt=\"01 Alain LE BIAN\"\/><br \/><span class=\"epa-title wp-caption\">01 Alain LE BIAN<\/span><\/a><\/div><div class=\"epa-image\"><a href=\"https:\/\/landiphotoclub.fr\/wp-content\/uploads\/2025\/03\/02-Amandine-POULIQUEN-1.jpg\" data-lightbox=\"epa-album-7063\" title=\"02 Amandine POULIQUEN\"><img decoding=\"async\" src=\"https:\/\/landiphotoclub.fr\/wp-content\/uploads\/2025\/03\/02-Amandine-POULIQUEN-1-150x150.jpg\" alt=\"02 Amandine POULIQUEN\"\/><br \/><span class=\"epa-title wp-caption\">02 Amandine POULIQUEN<\/span><\/a><\/div><div class=\"epa-image\"><a href=\"https:\/\/landiphotoclub.fr\/wp-content\/uploads\/2025\/03\/03-Andre-SEITE-1-683x1024.jpg\" data-lightbox=\"epa-album-7063\" title=\"03 Andr\u00e9 SEITE\"><img decoding=\"async\" src=\"https:\/\/landiphotoclub.fr\/wp-content\/uploads\/2025\/03\/03-Andre-SEITE-1-150x150.jpg\" alt=\"03 Andr\u00e9 SEITE\"\/><br \/><span class=\"epa-title wp-caption\">03 Andr\u00e9 SEITE<\/span><\/a><\/div>\r\n<\/li><\/ul><!-- epa more --> <a href=\"https:\/\/landiphotoclub.fr\/?page_id=7015#more-7015\" class=\"more-link\">Lire plus ...<\/a>","protected":false},"author":1,"featured_media":0,"parent":0,"menu_order":0,"comment_status":"closed","ping_status":"closed","template":"","meta":{"footnotes":""},"class_list":["post-7015","page","type-page","status-publish","hentry"],"_links":{"self":[{"href":"https:\/\/landiphotoclub.fr\/index.php?rest_route=\/wp\/v2\/pages\/7015","targetHints":{"allow":["GET"]}}],"collection":[{"href":"https:\/\/landiphotoclub.fr\/index.php?rest_route=\/wp\/v2\/pages"}],"about":[{"href":"https:\/\/landiphotoclub.fr\/index.php?rest_route=\/wp\/v2\/types\/page"}],"author":[{"embeddable":true,"href":"https:\/\/landiphotoclub.fr\/index.php?rest_route=\/wp\/v2\/users\/1"}],"replies":[{"embeddable":true,"href":"https:\/\/landiphotoclub.fr\/index.php?rest_route=%2Fwp%2Fv2%2Fcomments&post=7015"}],"version-history":[{"count":4,"href":"https:\/\/landiphotoclub.fr\/index.php?rest_route=\/wp\/v2\/pages\/7015\/revisions"}],"predecessor-version":[{"id":7963,"href":"https:\/\/landiphotoclub.fr\/index.php?rest_route=\/wp\/v2\/pages\/7015\/revisions\/7963"}],"wp:attachment":[{"href":"https:\/\/landiphotoclub.fr\/index.php?rest_route=%2Fwp%2Fv2%2Fmedia&parent=7015"}],"curies":[{"name":"wp","href":"https:\/\/api.w.org\/{rel}","templated":true}]}}