{"id":6901,"date":"2025-03-16T22:38:03","date_gmt":"2025-03-16T20:38:03","guid":{"rendered":"https:\/\/landiphotoclub.fr\/?page_id=6901"},"modified":"2026-02-17T22:01:26","modified_gmt":"2026-02-17T20:01:26","slug":"monochrome","status":"publish","type":"page","link":"https:\/\/landiphotoclub.fr\/?page_id=6901","title":{"rendered":"Monochrome"},"content":{"rendered":"<p>Pour la saison 2022-2023, le Landi Photo Club a choisi comme th\u00e8me d&rsquo;exposition\u00a0 \u00ab\u00a0Monochrome\u00a0\u00bb <em>(<\/em><em>du grec : mono qui signifie \u00ab seul \u00bb, et chroma, la couleur)<\/em>. Pourquoi avons-nous choisi cette th\u00e9matique\u00a0? Nous avons tous besoin de couleurs pour faire sourire nos c\u0153urs, tout simplement\u2026<\/p>\n<p>Une seule couleur dominante avec diverses nuances\u2026 cela doit \u00eatre d\u2019un ennui ? D\u00e9trompez-vous ! Monochromie ne veut point dire monotonie. En jouant avec la luminance, la saturation, mais \u00e9galement en soignant sa composition et ses r\u00e9glages, on peut r\u00e9aliser des clich\u00e9s int\u00e9ressants et contrast\u00e9s. Pari r\u00e9ussi pour les membres du club, qui ont su rivaliser d&rsquo;imagination pour proposer des \u0153uvres originales et esth\u00e9tiques.<\/p>\n<p><!-- Easy Photo Album --><\/p>\n<style type=\"text\/css\">\n\t#epa-album-6853-6901-0 .epa-image {\n\t\twidth: 31%;\n\t}\n<\/style>\n<ul id=\"epa-album-6853-6901-0\" class=\"epa-album epa-cf\">\n<li class=\"epa-row  epa-cf\">\n<div class=\"epa-image\"><a href=\"https:\/\/landiphotoclub.fr\/wp-content\/uploads\/2025\/03\/01_Sophie-ABGRALL.jpg\" data-lightbox=\"epa-album-6853-6901-0\" title=\"01_Sophie ABGRALL\"><img decoding=\"async\" src=\"https:\/\/landiphotoclub.fr\/wp-content\/uploads\/2025\/03\/01_Sophie-ABGRALL-150x150.jpg\" alt=\"01_Sophie ABGRALL\"\/><br \/><span class=\"epa-title wp-caption\">01_Sophie ABGRALL<\/span><\/a><\/div>\n<div class=\"epa-image\"><a href=\"https:\/\/landiphotoclub.fr\/wp-content\/uploads\/2025\/03\/02_Justine-ANSQUER.jpg\" data-lightbox=\"epa-album-6853-6901-0\" title=\"02_Justine ANSQUER\"><img decoding=\"async\" src=\"https:\/\/landiphotoclub.fr\/wp-content\/uploads\/2025\/03\/02_Justine-ANSQUER-150x150.jpg\" alt=\"02_Justine ANSQUER\"\/><br \/><span class=\"epa-title wp-caption\">02_Justine ANSQUER<\/span><\/a><\/div>\n<div class=\"epa-image\"><a href=\"https:\/\/landiphotoclub.fr\/wp-content\/uploads\/2025\/03\/03_Fabienne-BLANCHET.jpg\" data-lightbox=\"epa-album-6853-6901-0\" title=\"03_Fabienne BLANCHET\"><img decoding=\"async\" src=\"https:\/\/landiphotoclub.fr\/wp-content\/uploads\/2025\/03\/03_Fabienne-BLANCHET-150x150.jpg\" alt=\"03_Fabienne BLANCHET\"\/><br \/><span class=\"epa-title wp-caption\">03_Fabienne BLANCHET<\/span><\/a><\/div>\n<\/li>\n<\/ul>\n<p><!-- epa more --> <a href=\"https:\/\/landiphotoclub.fr\/?easy-photo-album=monochrome#more-6853\" class=\"more-link\">Lire plus &#8230;<\/a><\/p>\n\n","protected":false},"excerpt":{"rendered":"<!-- Easy Photo Album -->\r\n<style type=\"text\/css\">\r\n\t#epa-album-6853 .epa-image {\r\n\t\twidth: 31%;\r\n\t}\r\n<\/style><ul id=\"epa-album-6853\" class=\"epa-album epa-cf\">\r\n<li class=\"epa-row  epa-cf\">\r\n\t\t\t\t<div class=\"epa-image\"><a href=\"https:\/\/landiphotoclub.fr\/wp-content\/uploads\/2025\/03\/01_Sophie-ABGRALL.jpg\" data-lightbox=\"epa-album-6853\" title=\"01_Sophie ABGRALL\"><img decoding=\"async\" src=\"https:\/\/landiphotoclub.fr\/wp-content\/uploads\/2025\/03\/01_Sophie-ABGRALL-150x150.jpg\" alt=\"01_Sophie ABGRALL\"\/><br \/><span class=\"epa-title wp-caption\">01_Sophie ABGRALL<\/span><\/a><\/div><div class=\"epa-image\"><a href=\"https:\/\/landiphotoclub.fr\/wp-content\/uploads\/2025\/03\/02_Justine-ANSQUER.jpg\" data-lightbox=\"epa-album-6853\" title=\"02_Justine ANSQUER\"><img decoding=\"async\" src=\"https:\/\/landiphotoclub.fr\/wp-content\/uploads\/2025\/03\/02_Justine-ANSQUER-150x150.jpg\" alt=\"02_Justine ANSQUER\"\/><br \/><span class=\"epa-title wp-caption\">02_Justine ANSQUER<\/span><\/a><\/div><div class=\"epa-image\"><a href=\"https:\/\/landiphotoclub.fr\/wp-content\/uploads\/2025\/03\/03_Fabienne-BLANCHET.jpg\" data-lightbox=\"epa-album-6853\" title=\"03_Fabienne BLANCHET\"><img decoding=\"async\" src=\"https:\/\/landiphotoclub.fr\/wp-content\/uploads\/2025\/03\/03_Fabienne-BLANCHET-150x150.jpg\" alt=\"03_Fabienne BLANCHET\"\/><br \/><span class=\"epa-title wp-caption\">03_Fabienne BLANCHET<\/span><\/a><\/div>\r\n<\/li><\/ul><!-- epa more --> <a href=\"https:\/\/landiphotoclub.fr\/?page_id=6901#more-6901\" class=\"more-link\">Lire plus ...<\/a>","protected":false},"author":5,"featured_media":0,"parent":0,"menu_order":0,"comment_status":"closed","ping_status":"closed","template":"","meta":{"footnotes":""},"class_list":["post-6901","page","type-page","status-publish","hentry"],"_links":{"self":[{"href":"https:\/\/landiphotoclub.fr\/index.php?rest_route=\/wp\/v2\/pages\/6901","targetHints":{"allow":["GET"]}}],"collection":[{"href":"https:\/\/landiphotoclub.fr\/index.php?rest_route=\/wp\/v2\/pages"}],"about":[{"href":"https:\/\/landiphotoclub.fr\/index.php?rest_route=\/wp\/v2\/types\/page"}],"author":[{"embeddable":true,"href":"https:\/\/landiphotoclub.fr\/index.php?rest_route=\/wp\/v2\/users\/5"}],"replies":[{"embeddable":true,"href":"https:\/\/landiphotoclub.fr\/index.php?rest_route=%2Fwp%2Fv2%2Fcomments&post=6901"}],"version-history":[{"count":4,"href":"https:\/\/landiphotoclub.fr\/index.php?rest_route=\/wp\/v2\/pages\/6901\/revisions"}],"predecessor-version":[{"id":7969,"href":"https:\/\/landiphotoclub.fr\/index.php?rest_route=\/wp\/v2\/pages\/6901\/revisions\/7969"}],"wp:attachment":[{"href":"https:\/\/landiphotoclub.fr\/index.php?rest_route=%2Fwp%2Fv2%2Fmedia&parent=6901"}],"curies":[{"name":"wp","href":"https:\/\/api.w.org\/{rel}","templated":true}]}}