{"id":6847,"date":"2025-03-16T20:47:29","date_gmt":"2025-03-16T18:47:29","guid":{"rendered":"https:\/\/landiphotoclub.fr\/?page_id=6847"},"modified":"2025-03-22T14:10:02","modified_gmt":"2025-03-22T12:10:02","slug":"de-la-terre-a-lassiette-festival-pluie-dimages","status":"publish","type":"page","link":"https:\/\/landiphotoclub.fr\/?page_id=6847","title":{"rendered":"Pluie d&rsquo;images 2023 : De la Terre \u00e0 l&rsquo;Assiette"},"content":{"rendered":"<p>C&rsquo;est la premi\u00e8re fois que le club participait au festival Pluie d&rsquo;Images, dans la r\u00e9gion brestoise. Le th\u00e8me \u00e9tait \u00ab\u00a0Aliment-Terre\u00a0\u00bb. Notre exposition s&rsquo;intitule \u00ab\u00a0De la Terre \u00e0 l&rsquo;Assiette\u00a0\u00bb. L&rsquo;Aliment\/Terre est plus que jamais tellement \u00c9l\u00e9ment\/Terre. La nourriture n&rsquo;est-elle pas notre s\u00e8ve\u00a0? Les photographies pr\u00e9sent\u00e9es abordent les diverses \u00e9tapes de la cha\u00eene alimentaire, du travail des producteurs jusqu&rsquo;\u00e0 l&rsquo;assiette, petit clin d&rsquo;\u0153il \u00e0 la gastronomie, si ch\u00e8re \u00e0 notre pays.<\/p>\n<p>Les membres du Landi Photo Club ont d\u00fb faire preuve de patience et d\u2019imagination pour r\u00e9aliser des clich\u00e9s \u00e0 la fois originaux et esth\u00e9tiques. Ma\u00eetrise des r\u00e9glages du bo\u00eetier, gestion de la lumi\u00e8re, composition de l\u2019image, tels \u00e9taient les d\u00e9fis \u00e0 relever.<\/p>\n<p>Cette exposition comprend 34 photos, dont une partie est issue de l&rsquo;exposition \u00ab\u00a0Objectif cuisine\u00a0\u00bb.<\/p>\n<p><!-- Easy Photo Album --><\/p>\n<style type=\"text\/css\">\n\t#epa-album-6797-6847-0 .epa-image {\n\t\twidth: 31%;\n\t}\n<\/style>\n<ul id=\"epa-album-6797-6847-0\" class=\"epa-album epa-cf\">\n<li class=\"epa-row  epa-cf\">\n<div class=\"epa-image\"><a href=\"https:\/\/landiphotoclub.fr\/wp-content\/uploads\/2025\/03\/01-Andre-SEITE.jpg\" data-lightbox=\"epa-album-6797-6847-0\" title=\"01) Andr\u00e9 Seit\u00e9\"><img decoding=\"async\" src=\"https:\/\/landiphotoclub.fr\/wp-content\/uploads\/2025\/03\/01-Andre-SEITE-150x150.jpg\" alt=\"01) Andr\u00e9 SEITE\"\/><br \/><span class=\"epa-title wp-caption\">01) Andr\u00e9 Seit\u00e9<\/span><\/a><\/div>\n<div class=\"epa-image\"><a href=\"https:\/\/landiphotoclub.fr\/wp-content\/uploads\/2025\/03\/02-Charles-Yves-LE-MOIGNE.jpg\" data-lightbox=\"epa-album-6797-6847-0\" title=\"02) Charles-Yves LE MOIGNE\"><img decoding=\"async\" src=\"https:\/\/landiphotoclub.fr\/wp-content\/uploads\/2025\/03\/02-Charles-Yves-LE-MOIGNE-150x150.jpg\" alt=\"02) Charles Yves LE MOIGNE\"\/><br \/><span class=\"epa-title wp-caption\">02) Charles-Yves LE MOIGNE<\/span><\/a><\/div>\n<div class=\"epa-image\"><a href=\"https:\/\/landiphotoclub.fr\/wp-content\/uploads\/2025\/03\/03-ANNIE-HERNOT.jpg\" data-lightbox=\"epa-album-6797-6847-0\" title=\"03) Annie HERNOT\"><img decoding=\"async\" src=\"https:\/\/landiphotoclub.fr\/wp-content\/uploads\/2025\/03\/03-ANNIE-HERNOT-150x150.jpg\" alt=\"03) ANNIE HERNOT\"\/><br \/><span class=\"epa-title wp-caption\">03) Annie HERNOT<\/span><\/a><\/div>\n<\/li>\n<\/ul>\n<p><!-- epa more --> <a href=\"https:\/\/landiphotoclub.fr\/?easy-photo-album=2023-expo-pluie-dimages-aliments-terre#more-6797\" class=\"more-link\">Lire plus &#8230;<\/a><\/p>\n\n","protected":false},"excerpt":{"rendered":"<!-- Easy Photo Album -->\r\n<style type=\"text\/css\">\r\n\t#epa-album-6797 .epa-image {\r\n\t\twidth: 31%;\r\n\t}\r\n<\/style><ul id=\"epa-album-6797\" class=\"epa-album epa-cf\">\r\n<li class=\"epa-row  epa-cf\">\r\n\t\t\t\t<div class=\"epa-image\"><a href=\"https:\/\/landiphotoclub.fr\/wp-content\/uploads\/2025\/03\/01-Andre-SEITE.jpg\" data-lightbox=\"epa-album-6797\" title=\"01) Andr\u00e9 Seit\u00e9\"><img decoding=\"async\" src=\"https:\/\/landiphotoclub.fr\/wp-content\/uploads\/2025\/03\/01-Andre-SEITE-150x150.jpg\" alt=\"01) Andr\u00e9 SEITE\"\/><br \/><span class=\"epa-title wp-caption\">01) Andr\u00e9 Seit\u00e9<\/span><\/a><\/div><div class=\"epa-image\"><a href=\"https:\/\/landiphotoclub.fr\/wp-content\/uploads\/2025\/03\/02-Charles-Yves-LE-MOIGNE.jpg\" data-lightbox=\"epa-album-6797\" title=\"02) Charles-Yves LE MOIGNE\"><img decoding=\"async\" src=\"https:\/\/landiphotoclub.fr\/wp-content\/uploads\/2025\/03\/02-Charles-Yves-LE-MOIGNE-150x150.jpg\" alt=\"02) Charles Yves LE MOIGNE\"\/><br \/><span class=\"epa-title wp-caption\">02) Charles-Yves LE MOIGNE<\/span><\/a><\/div><div class=\"epa-image\"><a href=\"https:\/\/landiphotoclub.fr\/wp-content\/uploads\/2025\/03\/03-ANNIE-HERNOT.jpg\" data-lightbox=\"epa-album-6797\" title=\"03) Annie HERNOT\"><img decoding=\"async\" src=\"https:\/\/landiphotoclub.fr\/wp-content\/uploads\/2025\/03\/03-ANNIE-HERNOT-150x150.jpg\" alt=\"03) ANNIE HERNOT\"\/><br \/><span class=\"epa-title wp-caption\">03) Annie HERNOT<\/span><\/a><\/div>\r\n<\/li><\/ul><!-- epa more --> <a href=\"https:\/\/landiphotoclub.fr\/?page_id=6847#more-6847\" class=\"more-link\">Lire plus ...<\/a>","protected":false},"author":5,"featured_media":0,"parent":0,"menu_order":0,"comment_status":"closed","ping_status":"closed","template":"","meta":{"footnotes":""},"class_list":["post-6847","page","type-page","status-publish","hentry"],"_links":{"self":[{"href":"https:\/\/landiphotoclub.fr\/index.php?rest_route=\/wp\/v2\/pages\/6847","targetHints":{"allow":["GET"]}}],"collection":[{"href":"https:\/\/landiphotoclub.fr\/index.php?rest_route=\/wp\/v2\/pages"}],"about":[{"href":"https:\/\/landiphotoclub.fr\/index.php?rest_route=\/wp\/v2\/types\/page"}],"author":[{"embeddable":true,"href":"https:\/\/landiphotoclub.fr\/index.php?rest_route=\/wp\/v2\/users\/5"}],"replies":[{"embeddable":true,"href":"https:\/\/landiphotoclub.fr\/index.php?rest_route=%2Fwp%2Fv2%2Fcomments&post=6847"}],"version-history":[{"count":3,"href":"https:\/\/landiphotoclub.fr\/index.php?rest_route=\/wp\/v2\/pages\/6847\/revisions"}],"predecessor-version":[{"id":7014,"href":"https:\/\/landiphotoclub.fr\/index.php?rest_route=\/wp\/v2\/pages\/6847\/revisions\/7014"}],"wp:attachment":[{"href":"https:\/\/landiphotoclub.fr\/index.php?rest_route=%2Fwp%2Fv2%2Fmedia&parent=6847"}],"curies":[{"name":"wp","href":"https:\/\/api.w.org\/{rel}","templated":true}]}}