{"id":6595,"date":"2025-03-15T12:27:53","date_gmt":"2025-03-15T10:27:53","guid":{"rendered":"https:\/\/landiphotoclub.fr\/?page_id=6595"},"modified":"2025-03-15T12:27:53","modified_gmt":"2025-03-15T10:27:53","slug":"pluie-dimages-2024-15-25-ans","status":"publish","type":"page","link":"https:\/\/landiphotoclub.fr\/?page_id=6595","title":{"rendered":"Pluie d&rsquo;Images 2024 : 15-25 (ans)"},"content":{"rendered":"<p>Pour la 2\u00e8me ann\u00e9e cons\u00e9cutive, le Landi Photo Club participe au festival Pluie d&rsquo;images<br \/>\ndans la r\u00e9gion brestoise. Cette \u00e9dition 2024 est consacr\u00e9e aux \u00ab15-25 \u00bb. Et nous sommes<br \/>\nravis de vous pr\u00e9senter 28 photographies regroup\u00e9es par mini-s\u00e9ries.<br \/>\nNous avons souhait\u00e9 mettre en avant les activit\u00e9s des jeunes, qu&rsquo;elles soient artistiques,<br \/>\nsportives, culturelles&#8230; Contact fut ainsi pris avec diverses associations, afin d&rsquo;aller \u00e0 la<br \/>\nrencontre de ces \u00ab15-25 \u00bb porteurs de dynamisme, d&rsquo;espoir, de projets&#8230;<\/p>\n<p>Un grand merci aux diverses associations\u00a0 et \u00e0 tous ces \u00ab 15-25 \u00bb qui ont accept\u00e9 de participer \u00e0 notre projet.<\/p>\n<p><!-- Easy Photo Album --><\/p>\n<style type=\"text\/css\">\n\t#epa-album-6315-6595-0 .epa-image {\n\t\twidth: 48%;\n\t}\n<\/style>\n<ul id=\"epa-album-6315-6595-0\" class=\"epa-album epa-cf\">\n<li class=\"epa-row  epa-cf\">\n<div class=\"epa-image\"><a href=\"https:\/\/landiphotoclub.fr\/wp-content\/uploads\/2024\/02\/Irina-DESPREZ.jpg\" data-lightbox=\"epa-album-6315-6595-0\" title=\"Irina DESPREZ\"><img decoding=\"async\" src=\"https:\/\/landiphotoclub.fr\/wp-content\/uploads\/2024\/02\/Irina-DESPREZ-150x150.jpg\" alt=\"Irina DESPREZ\"\/><br \/><span class=\"epa-title wp-caption\">Irina DESPREZ<\/span><\/a><\/div>\n<div class=\"epa-image\"><a href=\"https:\/\/landiphotoclub.fr\/wp-content\/uploads\/2024\/02\/Gerard-HERVET.jpg\" data-lightbox=\"epa-album-6315-6595-0\" title=\"G\u00e9rard HERVET\"><img decoding=\"async\" src=\"https:\/\/landiphotoclub.fr\/wp-content\/uploads\/2024\/02\/Gerard-HERVET-150x150.jpg\" alt=\"G\u00e9rard HERVET\"\/><br \/><span class=\"epa-title wp-caption\">G\u00e9rard HERVET<\/span><\/a><\/div>\n<\/li>\n<li class=\"epa-row epa-cf\">\n<div class=\"epa-image\"><a href=\"https:\/\/landiphotoclub.fr\/wp-content\/uploads\/2024\/02\/Gerard-HERVET-2.jpg\" data-lightbox=\"epa-album-6315-6595-0\" title=\"G\u00e9rard HERVET\"><img decoding=\"async\" src=\"https:\/\/landiphotoclub.fr\/wp-content\/uploads\/2024\/02\/Gerard-HERVET-2-150x150.jpg\" alt=\"G\u00e9rard HERVET 2\"\/><br \/><span class=\"epa-title wp-caption\">G\u00e9rard HERVET<\/span><\/a><\/div>\n<div class=\"epa-image\"><a href=\"https:\/\/landiphotoclub.fr\/wp-content\/uploads\/2024\/02\/Pascal-FONTENEAU.jpg\" data-lightbox=\"epa-album-6315-6595-0\" title=\"Pascal FONTENEAU\"><img decoding=\"async\" src=\"https:\/\/landiphotoclub.fr\/wp-content\/uploads\/2024\/02\/Pascal-FONTENEAU-150x150.jpg\" alt=\"Pascal FONTENEAU\"\/><br \/><span class=\"epa-title wp-caption\">Pascal FONTENEAU<\/span><\/a><\/div>\n<\/li>\n<li class=\"epa-row epa-cf\">\n<div class=\"epa-image\"><a href=\"https:\/\/landiphotoclub.fr\/wp-content\/uploads\/2024\/02\/Alain-Le-BIAN.jpg\" data-lightbox=\"epa-album-6315-6595-0\" title=\"Alain LE BIAN\"><img decoding=\"async\" src=\"https:\/\/landiphotoclub.fr\/wp-content\/uploads\/2024\/02\/Alain-Le-BIAN-150x150.jpg\" alt=\"Alain Le BIAN\"\/><br \/><span class=\"epa-title wp-caption\">Alain LE BIAN<\/span><\/a><\/div>\n<div class=\"epa-image\"><a href=\"https:\/\/landiphotoclub.fr\/wp-content\/uploads\/2024\/02\/Claire-Le-ROUGE-683x1024.jpg\" data-lightbox=\"epa-album-6315-6595-0\" title=\"Claire LE ROUGE\"><img decoding=\"async\" src=\"https:\/\/landiphotoclub.fr\/wp-content\/uploads\/2024\/02\/Claire-Le-ROUGE-150x150.jpg\" alt=\"Claire Le ROUGE\"\/><br \/><span class=\"epa-title wp-caption\">Claire LE ROUGE<\/span><\/a><\/div>\n<\/li>\n<li class=\"epa-row epa-cf\">\n<div class=\"epa-image\"><a href=\"https:\/\/landiphotoclub.fr\/wp-content\/uploads\/2024\/02\/Sylvain-BARON-689x1024.jpg\" data-lightbox=\"epa-album-6315-6595-0\" title=\"Sylvain BARON\"><img decoding=\"async\" src=\"https:\/\/landiphotoclub.fr\/wp-content\/uploads\/2024\/02\/Sylvain-BARON-150x150.jpg\" alt=\"Sylvain BARON\"\/><br \/><span class=\"epa-title wp-caption\">Sylvain BARON<\/span><\/a><\/div>\n<div class=\"epa-image\"><a href=\"https:\/\/landiphotoclub.fr\/wp-content\/uploads\/2024\/02\/Roselyne-PAUL-683x1024.jpg\" data-lightbox=\"epa-album-6315-6595-0\" title=\"Roselyne PAUL\"><img decoding=\"async\" src=\"https:\/\/landiphotoclub.fr\/wp-content\/uploads\/2024\/02\/Roselyne-PAUL-150x150.jpg\" alt=\"Roselyne PAUL\"\/><br \/><span class=\"epa-title wp-caption\">Roselyne PAUL<\/span><\/a><\/div>\n<\/li>\n<li class=\"epa-row epa-cf\">\n<div class=\"epa-image\"><a href=\"https:\/\/landiphotoclub.fr\/wp-content\/uploads\/2024\/02\/Marie-Claire-QUIOC-2.jpg\" data-lightbox=\"epa-album-6315-6595-0\" title=\"Marie-Claire QUIOC\"><img decoding=\"async\" src=\"https:\/\/landiphotoclub.fr\/wp-content\/uploads\/2024\/02\/Marie-Claire-QUIOC-2-150x150.jpg\" alt=\"Le cirque \u00e0 L\u00e9on\"\/><br \/><span class=\"epa-title wp-caption\">Marie-Claire QUIOC<\/span><\/a><\/div>\n<div class=\"epa-image\"><a href=\"https:\/\/landiphotoclub.fr\/wp-content\/uploads\/2024\/02\/Christine-LOSTANLEN.jpg\" data-lightbox=\"epa-album-6315-6595-0\" title=\"Christine LOSTANLEN\"><img decoding=\"async\" src=\"https:\/\/landiphotoclub.fr\/wp-content\/uploads\/2024\/02\/Christine-LOSTANLEN-150x150.jpg\" alt=\"Christine LOSTANLEN\"\/><br \/><span class=\"epa-title wp-caption\">Christine LOSTANLEN<\/span><\/a><\/div>\n<\/li>\n<li class=\"epa-row epa-cf\">\n<div class=\"epa-image\"><a href=\"https:\/\/landiphotoclub.fr\/wp-content\/uploads\/2024\/02\/Josee-CONAN.jpg\" data-lightbox=\"epa-album-6315-6595-0\" title=\"Jos\u00e9e CONAN\"><img decoding=\"async\" src=\"https:\/\/landiphotoclub.fr\/wp-content\/uploads\/2024\/02\/Josee-CONAN-150x150.jpg\" alt=\"Jos\u00e9e CONAN\"\/><br \/><span class=\"epa-title wp-caption\">Jos\u00e9e CONAN<\/span><\/a><\/div>\n<div class=\"epa-image\"><a href=\"https:\/\/landiphotoclub.fr\/wp-content\/uploads\/2024\/02\/Josee-CONAN-2.jpg\" data-lightbox=\"epa-album-6315-6595-0\" title=\"Jos\u00e9e CONAN\"><img decoding=\"async\" src=\"https:\/\/landiphotoclub.fr\/wp-content\/uploads\/2024\/02\/Josee-CONAN-2-150x150.jpg\" alt=\"Jos\u00e9e CONAN 2\"\/><br \/><span class=\"epa-title wp-caption\">Jos\u00e9e CONAN<\/span><\/a><\/div>\n<\/li>\n<li class=\"epa-row epa-cf\">\n<div class=\"epa-image\"><a href=\"https:\/\/landiphotoclub.fr\/wp-content\/uploads\/2024\/02\/Marie-Claire-QUIOC.jpg\" data-lightbox=\"epa-album-6315-6595-0\" title=\"Marie-Claire QUIOC\"><img decoding=\"async\" src=\"https:\/\/landiphotoclub.fr\/wp-content\/uploads\/2024\/02\/Marie-Claire-QUIOC-150x150.jpg\" alt=\"Marie-Claire QUIOC\"\/><br \/><span class=\"epa-title wp-caption\">Marie-Claire QUIOC<\/span><\/a><\/div>\n<div class=\"epa-image\"><a href=\"https:\/\/landiphotoclub.fr\/wp-content\/uploads\/2024\/02\/Ghislaine-ROME-683x1024.jpg\" data-lightbox=\"epa-album-6315-6595-0\" title=\"Ghislaine ROME\"><img decoding=\"async\" src=\"https:\/\/landiphotoclub.fr\/wp-content\/uploads\/2024\/02\/Ghislaine-ROME-150x150.jpg\" alt=\"Ghislaine ROME\"\/><br \/><span class=\"epa-title wp-caption\">Ghislaine ROME<\/span><\/a><\/div>\n<\/li>\n<li class=\"epa-row epa-cf\">\n<div class=\"epa-image\"><a href=\"https:\/\/landiphotoclub.fr\/wp-content\/uploads\/2024\/02\/Sylvain-BARON-2-683x1024.jpg\" data-lightbox=\"epa-album-6315-6595-0\" title=\"Sylvain BARON\"><img decoding=\"async\" src=\"https:\/\/landiphotoclub.fr\/wp-content\/uploads\/2024\/02\/Sylvain-BARON-2-150x150.jpg\" alt=\"FAS - Concentration\"\/><br \/><span class=\"epa-title wp-caption\">Sylvain BARON<\/span><\/a><\/div>\n<div class=\"epa-image\"><a href=\"https:\/\/landiphotoclub.fr\/wp-content\/uploads\/2024\/02\/Claudie-BOUDRET-683x1024.jpg\" data-lightbox=\"epa-album-6315-6595-0\" title=\"Claudie BOUDRET\"><img decoding=\"async\" src=\"https:\/\/landiphotoclub.fr\/wp-content\/uploads\/2024\/02\/Claudie-BOUDRET-150x150.jpg\" alt=\"Claudie BOUDRET\"\/><br \/><span class=\"epa-title wp-caption\">Claudie BOUDRET<\/span><\/a><\/div>\n<\/li>\n<li class=\"epa-row epa-cf\">\n<div class=\"epa-image\"><a href=\"https:\/\/landiphotoclub.fr\/wp-content\/uploads\/2024\/02\/Rene-PAUL-2-1024x1024.jpg\" data-lightbox=\"epa-album-6315-6595-0\" title=\"Ren\u00e9 PAUL\"><img decoding=\"async\" src=\"https:\/\/landiphotoclub.fr\/wp-content\/uploads\/2024\/02\/Rene-PAUL-2-150x150.jpg\" alt=\"Ren\u00e9 PAUL 2\"\/><br \/><span class=\"epa-title wp-caption\">Ren\u00e9 PAUL<\/span><\/a><\/div>\n<div class=\"epa-image\"><a href=\"https:\/\/landiphotoclub.fr\/wp-content\/uploads\/2024\/02\/Annie-HERNOT.jpg\" data-lightbox=\"epa-album-6315-6595-0\" title=\"Annie HERNOT\"><img decoding=\"async\" src=\"https:\/\/landiphotoclub.fr\/wp-content\/uploads\/2024\/02\/Annie-HERNOT-150x150.jpg\" alt=\"Annie HERNOT\"\/><br \/><span class=\"epa-title wp-caption\">Annie HERNOT<\/span><\/a><\/div>\n<\/li>\n<li class=\"epa-row epa-cf\">\n<div class=\"epa-image\"><a href=\"https:\/\/landiphotoclub.fr\/wp-content\/uploads\/2024\/02\/Rene-PAUL-683x1024.jpg\" data-lightbox=\"epa-album-6315-6595-0\" title=\"Ren\u00e9 PAUL\"><img decoding=\"async\" src=\"https:\/\/landiphotoclub.fr\/wp-content\/uploads\/2024\/02\/Rene-PAUL-150x150.jpg\" alt=\"Ren\u00e9 PAUL\"\/><br \/><span class=\"epa-title wp-caption\">Ren\u00e9 PAUL<\/span><\/a><\/div>\n<div class=\"epa-image\"><a href=\"https:\/\/landiphotoclub.fr\/wp-content\/uploads\/2024\/02\/Annie-HERNOT-2.jpg\" data-lightbox=\"epa-album-6315-6595-0\" title=\"Annie HERNOT\"><img decoding=\"async\" src=\"https:\/\/landiphotoclub.fr\/wp-content\/uploads\/2024\/02\/Annie-HERNOT-2-150x150.jpg\" alt=\"Annie HERNOT 2\"\/><br \/><span class=\"epa-title wp-caption\">Annie HERNOT<\/span><\/a><\/div>\n<\/li>\n<li class=\"epa-row epa-cf\">\n<div class=\"epa-image\"><a href=\"https:\/\/landiphotoclub.fr\/wp-content\/uploads\/2024\/02\/Pascal-FONTENEAU-2.jpg\" data-lightbox=\"epa-album-6315-6595-0\" title=\"Pascal FONTENEAU\"><img decoding=\"async\" src=\"https:\/\/landiphotoclub.fr\/wp-content\/uploads\/2024\/02\/Pascal-FONTENEAU-2-150x150.jpg\" alt=\"Pascal FONTENEAU 2\"\/><br \/><span class=\"epa-title wp-caption\">Pascal FONTENEAU<\/span><\/a><\/div>\n<div class=\"epa-image\"><a href=\"https:\/\/landiphotoclub.fr\/wp-content\/uploads\/2024\/02\/Christine-NEDELEC.jpg\" data-lightbox=\"epa-album-6315-6595-0\" title=\"Christine NEDELEC\"><img decoding=\"async\" src=\"https:\/\/landiphotoclub.fr\/wp-content\/uploads\/2024\/02\/Christine-NEDELEC-150x150.jpg\" alt=\"Christine NEDELEC\"\/><br \/><span class=\"epa-title wp-caption\">Christine NEDELEC<\/span><\/a><\/div>\n<\/li>\n<li class=\"epa-row epa-cf\">\n<div class=\"epa-image\"><a href=\"https:\/\/landiphotoclub.fr\/wp-content\/uploads\/2024\/02\/Charles-Yves-LE-MOIGNE-1024x1024.jpg\" data-lightbox=\"epa-album-6315-6595-0\" title=\"Charles-Yves LE MOIGNE\"><img decoding=\"async\" src=\"https:\/\/landiphotoclub.fr\/wp-content\/uploads\/2024\/02\/Charles-Yves-LE-MOIGNE-150x150.jpg\" alt=\"Charles-Yves LE MOIGNE\"\/><br \/><span class=\"epa-title wp-caption\">Charles-Yves LE MOIGNE<\/span><\/a><\/div>\n<div class=\"epa-image\"><a href=\"https:\/\/landiphotoclub.fr\/wp-content\/uploads\/2024\/02\/Celine-LE-MOIGNE.jpg\" data-lightbox=\"epa-album-6315-6595-0\" title=\"C\u00e9line LE MOIGNE\"><img decoding=\"async\" src=\"https:\/\/landiphotoclub.fr\/wp-content\/uploads\/2024\/02\/Celine-LE-MOIGNE-150x150.jpg\" alt=\"C\u00e9line LE MOIGNE\"\/><br \/><span class=\"epa-title wp-caption\">C\u00e9line LE MOIGNE<\/span><\/a><\/div>\n<\/li>\n<li class=\"epa-row epa-cf\">\n<div class=\"epa-image\"><a href=\"https:\/\/landiphotoclub.fr\/wp-content\/uploads\/2024\/02\/Virginie-PRADAT-774x1024.jpg\" data-lightbox=\"epa-album-6315-6595-0\" title=\"Virginie PRADAT\"><img decoding=\"async\" src=\"https:\/\/landiphotoclub.fr\/wp-content\/uploads\/2024\/02\/Virginie-PRADAT-150x150.jpg\" alt=\"Virginie PRADAT\"\/><br \/><span class=\"epa-title wp-caption\">Virginie PRADAT<\/span><\/a><\/div>\n<div class=\"epa-image\"><a href=\"https:\/\/landiphotoclub.fr\/wp-content\/uploads\/2024\/02\/Chantal-FLOCH.jpg\" data-lightbox=\"epa-album-6315-6595-0\" title=\"Chantal FLOC'H\"><img decoding=\"async\" src=\"https:\/\/landiphotoclub.fr\/wp-content\/uploads\/2024\/02\/Chantal-FLOCH-150x150.jpg\" alt=\"Chantal FLOC'H\"\/><br \/><span class=\"epa-title wp-caption\">Chantal FLOC&rsquo;H<\/span><\/a><\/div>\n<\/li>\n<li class=\"epa-row epa-cf\">\n<div class=\"epa-image\"><a href=\"https:\/\/landiphotoclub.fr\/wp-content\/uploads\/2024\/02\/Marie-Claude-KERAUTRET.jpg\" data-lightbox=\"epa-album-6315-6595-0\" title=\"Marie-Claude KERAUTRET\"><img decoding=\"async\" src=\"https:\/\/landiphotoclub.fr\/wp-content\/uploads\/2024\/02\/Marie-Claude-KERAUTRET-150x150.jpg\" alt=\"Marie-Claude KERAUTRET\"\/><br \/><span class=\"epa-title wp-caption\">Marie-Claude KERAUTRET<\/span><\/a><\/div>\n<div class=\"epa-image\"><a href=\"https:\/\/landiphotoclub.fr\/wp-content\/uploads\/2024\/02\/Bruno-PROVOST-684x1024.jpg\" data-lightbox=\"epa-album-6315-6595-0\" title=\"Bruno PROVOST\"><img decoding=\"async\" src=\"https:\/\/landiphotoclub.fr\/wp-content\/uploads\/2024\/02\/Bruno-PROVOST-150x150.jpg\" alt=\"Bruno PROVOST\"\/><br \/><span class=\"epa-title wp-caption\">Bruno PROVOST<\/span><\/a><\/div>\n<\/li>\n<li class=\"epa-row epa-cf\">\n<div class=\"epa-image\"><a href=\"https:\/\/landiphotoclub.fr\/wp-content\/uploads\/2024\/02\/11.-Pluie-dimages-15-25-683x1024.jpg\" data-lightbox=\"epa-album-6315-6595-0\" title=\"Christine LOSTANLEN\"><img decoding=\"async\" src=\"https:\/\/landiphotoclub.fr\/wp-content\/uploads\/2024\/02\/11.-Pluie-dimages-15-25-150x150.jpg\" alt=\"Christine LOSTANLEN\"\/><br \/><span class=\"epa-title wp-caption\">Christine LOSTANLEN<\/span><\/a><\/div>\n<\/li>\n<\/ul>\n\n","protected":false},"excerpt":{"rendered":"<!-- Easy Photo Album -->\r\n<style type=\"text\/css\">\r\n\t#epa-album-6315 .epa-image {\r\n\t\twidth: 48%;\r\n\t}\r\n<\/style><ul id=\"epa-album-6315\" class=\"epa-album epa-cf\">\r\n<li class=\"epa-row  epa-cf\">\r\n\t\t\t\t<div class=\"epa-image\"><a href=\"https:\/\/landiphotoclub.fr\/wp-content\/uploads\/2024\/02\/Irina-DESPREZ.jpg\" data-lightbox=\"epa-album-6315\" title=\"Irina DESPREZ\"><img decoding=\"async\" src=\"https:\/\/landiphotoclub.fr\/wp-content\/uploads\/2024\/02\/Irina-DESPREZ-150x150.jpg\" alt=\"Irina DESPREZ\"\/><br\/><span class=\"epa-title wp-caption\">Irina DESPREZ<\/span><\/a><\/div><div class=\"epa-image\"><a href=\"https:\/\/landiphotoclub.fr\/wp-content\/uploads\/2024\/02\/Gerard-HERVET.jpg\" data-lightbox=\"epa-album-6315\" title=\"G\u00e9rard HERVET\"><img decoding=\"async\" src=\"https:\/\/landiphotoclub.fr\/wp-content\/uploads\/2024\/02\/Gerard-HERVET-150x150.jpg\" alt=\"G\u00e9rard HERVET\"\/><br\/><span class=\"epa-title wp-caption\">G\u00e9rard HERVET<\/span><\/a><\/div><\/li><li class=\"epa-row epa-cf\"><div class=\"epa-image\"><a href=\"https:\/\/landiphotoclub.fr\/wp-content\/uploads\/2024\/02\/Gerard-HERVET-2.jpg\" data-lightbox=\"epa-album-6315\" title=\"G\u00e9rard HERVET\"><img decoding=\"async\" src=\"https:\/\/landiphotoclub.fr\/wp-content\/uploads\/2024\/02\/Gerard-HERVET-2-150x150.jpg\" alt=\"G\u00e9rard HERVET 2\"\/><br\/><span class=\"epa-title wp-caption\">G\u00e9rard HERVET<\/span><\/a><\/div><div class=\"epa-image\"><a href=\"https:\/\/landiphotoclub.fr\/wp-content\/uploads\/2024\/02\/Pascal-FONTENEAU.jpg\" data-lightbox=\"epa-album-6315\" title=\"Pascal FONTENEAU\"><img decoding=\"async\" src=\"https:\/\/landiphotoclub.fr\/wp-content\/uploads\/2024\/02\/Pascal-FONTENEAU-150x150.jpg\" alt=\"Pascal FONTENEAU\"\/><br\/><span class=\"epa-title wp-caption\">Pascal FONTENEAU<\/span><\/a><\/div><\/li><li class=\"epa-row epa-cf\"><div class=\"epa-image\"><a href=\"https:\/\/landiphotoclub.fr\/wp-content\/uploads\/2024\/02\/Alain-Le-BIAN.jpg\" data-lightbox=\"epa-album-6315\" title=\"Alain LE BIAN\"><img decoding=\"async\" src=\"https:\/\/landiphotoclub.fr\/wp-content\/uploads\/2024\/02\/Alain-Le-BIAN-150x150.jpg\" alt=\"Alain Le BIAN\"\/><br\/><span class=\"epa-title wp-caption\">Alain LE BIAN<\/span><\/a><\/div><div class=\"epa-image\"><a href=\"https:\/\/landiphotoclub.fr\/wp-content\/uploads\/2024\/02\/Claire-Le-ROUGE-683x1024.jpg\" data-lightbox=\"epa-album-6315\" title=\"Claire LE ROUGE\"><img decoding=\"async\" src=\"https:\/\/landiphotoclub.fr\/wp-content\/uploads\/2024\/02\/Claire-Le-ROUGE-150x150.jpg\" alt=\"Claire Le ROUGE\"\/><br\/><span class=\"epa-title wp-caption\">Claire LE ROUGE<\/span><\/a><\/div><\/li><li class=\"epa-row epa-cf\"><div class=\"epa-image\"><a href=\"https:\/\/landiphotoclub.fr\/wp-content\/uploads\/2024\/02\/Sylvain-BARON-689x1024.jpg\" data-lightbox=\"epa-album-6315\" title=\"Sylvain BARON\"><img decoding=\"async\" src=\"https:\/\/landiphotoclub.fr\/wp-content\/uploads\/2024\/02\/Sylvain-BARON-150x150.jpg\" alt=\"Sylvain BARON\"\/><br\/><span class=\"epa-title wp-caption\">Sylvain BARON<\/span><\/a><\/div><div class=\"epa-image\"><a href=\"https:\/\/landiphotoclub.fr\/wp-content\/uploads\/2024\/02\/Roselyne-PAUL-683x1024.jpg\" data-lightbox=\"epa-album-6315\" title=\"Roselyne PAUL\"><img decoding=\"async\" src=\"https:\/\/landiphotoclub.fr\/wp-content\/uploads\/2024\/02\/Roselyne-PAUL-150x150.jpg\" alt=\"Roselyne PAUL\"\/><br\/><span class=\"epa-title wp-caption\">Roselyne PAUL<\/span><\/a><\/div><\/li><li class=\"epa-row epa-cf\"><div class=\"epa-image\"><a href=\"https:\/\/landiphotoclub.fr\/wp-content\/uploads\/2024\/02\/Marie-Claire-QUIOC-2.jpg\" data-lightbox=\"epa-album-6315\" title=\"Marie-Claire QUIOC\"><img decoding=\"async\" src=\"https:\/\/landiphotoclub.fr\/wp-content\/uploads\/2024\/02\/Marie-Claire-QUIOC-2-150x150.jpg\" alt=\"Le cirque \u00e0 L\u00e9on\"\/><br\/><span class=\"epa-title wp-caption\">Marie-Claire QUIOC<\/span><\/a><\/div><div class=\"epa-image\"><a href=\"https:\/\/landiphotoclub.fr\/wp-content\/uploads\/2024\/02\/Christine-LOSTANLEN.jpg\" data-lightbox=\"epa-album-6315\" title=\"Christine LOSTANLEN\"><img decoding=\"async\" src=\"https:\/\/landiphotoclub.fr\/wp-content\/uploads\/2024\/02\/Christine-LOSTANLEN-150x150.jpg\" alt=\"Christine LOSTANLEN\"\/><br\/><span class=\"epa-title wp-caption\">Christine LOSTANLEN<\/span><\/a><\/div><\/li><li class=\"epa-row epa-cf\"><div class=\"epa-image\"><a href=\"https:\/\/landiphotoclub.fr\/wp-content\/uploads\/2024\/02\/Josee-CONAN.jpg\" data-lightbox=\"epa-album-6315\" title=\"Jos\u00e9e CONAN\"><img decoding=\"async\" src=\"https:\/\/landiphotoclub.fr\/wp-content\/uploads\/2024\/02\/Josee-CONAN-150x150.jpg\" alt=\"Jos\u00e9e CONAN\"\/><br\/><span class=\"epa-title wp-caption\">Jos\u00e9e CONAN<\/span><\/a><\/div><div class=\"epa-image\"><a href=\"https:\/\/landiphotoclub.fr\/wp-content\/uploads\/2024\/02\/Josee-CONAN-2.jpg\" data-lightbox=\"epa-album-6315\" title=\"Jos\u00e9e CONAN\"><img decoding=\"async\" src=\"https:\/\/landiphotoclub.fr\/wp-content\/uploads\/2024\/02\/Josee-CONAN-2-150x150.jpg\" alt=\"Jos\u00e9e CONAN 2\"\/><br\/><span class=\"epa-title wp-caption\">Jos\u00e9e CONAN<\/span><\/a><\/div><\/li><li class=\"epa-row epa-cf\"><div class=\"epa-image\"><a href=\"https:\/\/landiphotoclub.fr\/wp-content\/uploads\/2024\/02\/Marie-Claire-QUIOC.jpg\" data-lightbox=\"epa-album-6315\" title=\"Marie-Claire QUIOC\"><img decoding=\"async\" src=\"https:\/\/landiphotoclub.fr\/wp-content\/uploads\/2024\/02\/Marie-Claire-QUIOC-150x150.jpg\" alt=\"Marie-Claire QUIOC\"\/><br\/><span class=\"epa-title wp-caption\">Marie-Claire QUIOC<\/span><\/a><\/div><div class=\"epa-image\"><a href=\"https:\/\/landiphotoclub.fr\/wp-content\/uploads\/2024\/02\/Ghislaine-ROME-683x1024.jpg\" data-lightbox=\"epa-album-6315\" title=\"Ghislaine ROME\"><img decoding=\"async\" src=\"https:\/\/landiphotoclub.fr\/wp-content\/uploads\/2024\/02\/Ghislaine-ROME-150x150.jpg\" alt=\"Ghislaine ROME\"\/><br\/><span class=\"epa-title wp-caption\">Ghislaine ROME<\/span><\/a><\/div><\/li><li class=\"epa-row epa-cf\"><div class=\"epa-image\"><a href=\"https:\/\/landiphotoclub.fr\/wp-content\/uploads\/2024\/02\/Sylvain-BARON-2-683x1024.jpg\" data-lightbox=\"epa-album-6315\" title=\"Sylvain BARON\"><img decoding=\"async\" src=\"https:\/\/landiphotoclub.fr\/wp-content\/uploads\/2024\/02\/Sylvain-BARON-2-150x150.jpg\" alt=\"FAS - Concentration\"\/><br\/><span class=\"epa-title wp-caption\">Sylvain BARON<\/span><\/a><\/div><div class=\"epa-image\"><a href=\"https:\/\/landiphotoclub.fr\/wp-content\/uploads\/2024\/02\/Claudie-BOUDRET-683x1024.jpg\" data-lightbox=\"epa-album-6315\" title=\"Claudie BOUDRET\"><img decoding=\"async\" src=\"https:\/\/landiphotoclub.fr\/wp-content\/uploads\/2024\/02\/Claudie-BOUDRET-150x150.jpg\" alt=\"Claudie BOUDRET\"\/><br\/><span class=\"epa-title wp-caption\">Claudie BOUDRET<\/span><\/a><\/div><\/li><li class=\"epa-row epa-cf\"><div class=\"epa-image\"><a href=\"https:\/\/landiphotoclub.fr\/wp-content\/uploads\/2024\/02\/Rene-PAUL-2-1024x1024.jpg\" data-lightbox=\"epa-album-6315\" title=\"Ren\u00e9 PAUL\"><img decoding=\"async\" src=\"https:\/\/landiphotoclub.fr\/wp-content\/uploads\/2024\/02\/Rene-PAUL-2-150x150.jpg\" alt=\"Ren\u00e9 PAUL 2\"\/><br\/><span class=\"epa-title wp-caption\">Ren\u00e9 PAUL<\/span><\/a><\/div><div class=\"epa-image\"><a href=\"https:\/\/landiphotoclub.fr\/wp-content\/uploads\/2024\/02\/Annie-HERNOT.jpg\" data-lightbox=\"epa-album-6315\" title=\"Annie HERNOT\"><img decoding=\"async\" src=\"https:\/\/landiphotoclub.fr\/wp-content\/uploads\/2024\/02\/Annie-HERNOT-150x150.jpg\" alt=\"Annie HERNOT\"\/><br\/><span class=\"epa-title wp-caption\">Annie HERNOT<\/span><\/a><\/div><\/li><li class=\"epa-row epa-cf\"><div class=\"epa-image\"><a href=\"https:\/\/landiphotoclub.fr\/wp-content\/uploads\/2024\/02\/Rene-PAUL-683x1024.jpg\" data-lightbox=\"epa-album-6315\" title=\"Ren\u00e9 PAUL\"><img decoding=\"async\" src=\"https:\/\/landiphotoclub.fr\/wp-content\/uploads\/2024\/02\/Rene-PAUL-150x150.jpg\" alt=\"Ren\u00e9 PAUL\"\/><br\/><span class=\"epa-title wp-caption\">Ren\u00e9 PAUL<\/span><\/a><\/div><div class=\"epa-image\"><a href=\"https:\/\/landiphotoclub.fr\/wp-content\/uploads\/2024\/02\/Annie-HERNOT-2.jpg\" data-lightbox=\"epa-album-6315\" title=\"Annie HERNOT\"><img decoding=\"async\" src=\"https:\/\/landiphotoclub.fr\/wp-content\/uploads\/2024\/02\/Annie-HERNOT-2-150x150.jpg\" alt=\"Annie HERNOT 2\"\/><br\/><span class=\"epa-title wp-caption\">Annie HERNOT<\/span><\/a><\/div><\/li><li class=\"epa-row epa-cf\"><div class=\"epa-image\"><a href=\"https:\/\/landiphotoclub.fr\/wp-content\/uploads\/2024\/02\/Pascal-FONTENEAU-2.jpg\" data-lightbox=\"epa-album-6315\" title=\"Pascal FONTENEAU\"><img decoding=\"async\" src=\"https:\/\/landiphotoclub.fr\/wp-content\/uploads\/2024\/02\/Pascal-FONTENEAU-2-150x150.jpg\" alt=\"Pascal FONTENEAU 2\"\/><br\/><span class=\"epa-title wp-caption\">Pascal FONTENEAU<\/span><\/a><\/div><div class=\"epa-image\"><a href=\"https:\/\/landiphotoclub.fr\/wp-content\/uploads\/2024\/02\/Christine-NEDELEC.jpg\" data-lightbox=\"epa-album-6315\" title=\"Christine NEDELEC\"><img decoding=\"async\" src=\"https:\/\/landiphotoclub.fr\/wp-content\/uploads\/2024\/02\/Christine-NEDELEC-150x150.jpg\" alt=\"Christine NEDELEC\"\/><br\/><span class=\"epa-title wp-caption\">Christine NEDELEC<\/span><\/a><\/div><\/li><li class=\"epa-row epa-cf\"><div class=\"epa-image\"><a href=\"https:\/\/landiphotoclub.fr\/wp-content\/uploads\/2024\/02\/Charles-Yves-LE-MOIGNE-1024x1024.jpg\" data-lightbox=\"epa-album-6315\" title=\"Charles-Yves LE MOIGNE\"><img decoding=\"async\" src=\"https:\/\/landiphotoclub.fr\/wp-content\/uploads\/2024\/02\/Charles-Yves-LE-MOIGNE-150x150.jpg\" alt=\"Charles-Yves LE MOIGNE\"\/><br\/><span class=\"epa-title wp-caption\">Charles-Yves LE MOIGNE<\/span><\/a><\/div><div class=\"epa-image\"><a href=\"https:\/\/landiphotoclub.fr\/wp-content\/uploads\/2024\/02\/Celine-LE-MOIGNE.jpg\" data-lightbox=\"epa-album-6315\" title=\"C\u00e9line LE MOIGNE\"><img decoding=\"async\" src=\"https:\/\/landiphotoclub.fr\/wp-content\/uploads\/2024\/02\/Celine-LE-MOIGNE-150x150.jpg\" alt=\"C\u00e9line LE MOIGNE\"\/><br\/><span class=\"epa-title wp-caption\">C\u00e9line LE MOIGNE<\/span><\/a><\/div><\/li><li class=\"epa-row epa-cf\"><div class=\"epa-image\"><a href=\"https:\/\/landiphotoclub.fr\/wp-content\/uploads\/2024\/02\/Virginie-PRADAT-774x1024.jpg\" data-lightbox=\"epa-album-6315\" title=\"Virginie PRADAT\"><img decoding=\"async\" src=\"https:\/\/landiphotoclub.fr\/wp-content\/uploads\/2024\/02\/Virginie-PRADAT-150x150.jpg\" alt=\"Virginie PRADAT\"\/><br\/><span class=\"epa-title wp-caption\">Virginie PRADAT<\/span><\/a><\/div><div class=\"epa-image\"><a href=\"https:\/\/landiphotoclub.fr\/wp-content\/uploads\/2024\/02\/Chantal-FLOCH.jpg\" data-lightbox=\"epa-album-6315\" title=\"Chantal FLOC'H\"><img decoding=\"async\" src=\"https:\/\/landiphotoclub.fr\/wp-content\/uploads\/2024\/02\/Chantal-FLOCH-150x150.jpg\" alt=\"Chantal FLOC'H\"\/><br\/><span class=\"epa-title wp-caption\">Chantal FLOC'H<\/span><\/a><\/div><\/li><li class=\"epa-row epa-cf\"><div class=\"epa-image\"><a href=\"https:\/\/landiphotoclub.fr\/wp-content\/uploads\/2024\/02\/Marie-Claude-KERAUTRET.jpg\" data-lightbox=\"epa-album-6315\" title=\"Marie-Claude KERAUTRET\"><img decoding=\"async\" src=\"https:\/\/landiphotoclub.fr\/wp-content\/uploads\/2024\/02\/Marie-Claude-KERAUTRET-150x150.jpg\" alt=\"Marie-Claude KERAUTRET\"\/><br\/><span class=\"epa-title wp-caption\">Marie-Claude KERAUTRET<\/span><\/a><\/div><div class=\"epa-image\"><a href=\"https:\/\/landiphotoclub.fr\/wp-content\/uploads\/2024\/02\/Bruno-PROVOST-684x1024.jpg\" data-lightbox=\"epa-album-6315\" title=\"Bruno PROVOST\"><img decoding=\"async\" src=\"https:\/\/landiphotoclub.fr\/wp-content\/uploads\/2024\/02\/Bruno-PROVOST-150x150.jpg\" alt=\"Bruno PROVOST\"\/><br\/><span class=\"epa-title wp-caption\">Bruno PROVOST<\/span><\/a><\/div><\/li><li class=\"epa-row epa-cf\"><div class=\"epa-image\"><a href=\"https:\/\/landiphotoclub.fr\/wp-content\/uploads\/2024\/02\/11.-Pluie-dimages-15-25-683x1024.jpg\" data-lightbox=\"epa-album-6315\" title=\"Christine LOSTANLEN\"><img decoding=\"async\" src=\"https:\/\/landiphotoclub.fr\/wp-content\/uploads\/2024\/02\/11.-Pluie-dimages-15-25-150x150.jpg\" alt=\"Christine LOSTANLEN\"\/><br\/><span class=\"epa-title wp-caption\">Christine LOSTANLEN<\/span><\/a><\/div><\/li><\/ul>","protected":false},"author":1,"featured_media":0,"parent":0,"menu_order":0,"comment_status":"closed","ping_status":"closed","template":"","meta":{"footnotes":""},"class_list":["post-6595","page","type-page","status-publish","hentry"],"_links":{"self":[{"href":"https:\/\/landiphotoclub.fr\/index.php?rest_route=\/wp\/v2\/pages\/6595","targetHints":{"allow":["GET"]}}],"collection":[{"href":"https:\/\/landiphotoclub.fr\/index.php?rest_route=\/wp\/v2\/pages"}],"about":[{"href":"https:\/\/landiphotoclub.fr\/index.php?rest_route=\/wp\/v2\/types\/page"}],"author":[{"embeddable":true,"href":"https:\/\/landiphotoclub.fr\/index.php?rest_route=\/wp\/v2\/users\/1"}],"replies":[{"embeddable":true,"href":"https:\/\/landiphotoclub.fr\/index.php?rest_route=%2Fwp%2Fv2%2Fcomments&post=6595"}],"version-history":[{"count":1,"href":"https:\/\/landiphotoclub.fr\/index.php?rest_route=\/wp\/v2\/pages\/6595\/revisions"}],"predecessor-version":[{"id":6596,"href":"https:\/\/landiphotoclub.fr\/index.php?rest_route=\/wp\/v2\/pages\/6595\/revisions\/6596"}],"wp:attachment":[{"href":"https:\/\/landiphotoclub.fr\/index.php?rest_route=%2Fwp%2Fv2%2Fmedia&parent=6595"}],"curies":[{"name":"wp","href":"https:\/\/api.w.org\/{rel}","templated":true}]}}