{"id":5,"date":"2015-09-05T16:21:06","date_gmt":"2015-09-05T16:21:06","guid":{"rendered":"http:\/\/landiphotoclub.fr\/?page_id=5"},"modified":"2016-10-06T09:29:14","modified_gmt":"2016-10-06T07:29:14","slug":"adherer","status":"publish","type":"page","link":"https:\/\/landiphotoclub.fr\/?page_id=5","title":{"rendered":"Adh\u00e9rer"},"content":{"rendered":"<p>Vous avez plus de 16 ans et vous souhaitez nous rejoindre ?<\/p>\n<p>N&rsquo;h\u00e9sitez pas \u00e0 nous contacter, nous vous ferons d\u00e9couvrir avec plaisir le club lors d&rsquo;une de nos s\u00e9ances hebdomadaires.<\/p>\n<p>Si \u00e0 l&rsquo;issue de cette s\u00e9ance vous souhaitez rester, nous prendrons votre adh\u00e9sion, la saison d\u00e9bute le 1er vendredi suivant le forum des associations au mois de septembre et s&rsquo;arr\u00eate fin juin.<\/p>\n<p>La cotisation annuelle est de 50 \u20ac.<\/p>\n<p><a href=\"mailto:contact@landiphotoclub.fr\">contact@landiphotoclub.fr<\/a><\/p>\n","protected":false},"excerpt":{"rendered":"<p>Vous avez plus de 16 ans et vous souhaitez nous rejoindre ? N&rsquo;h\u00e9sitez pas \u00e0 nous contacter, nous vous ferons d\u00e9couvrir avec plaisir le club lors d&rsquo;une de nos s\u00e9ances hebdomadaires. Si \u00e0 l&rsquo;issue de cette s\u00e9ance vous souhaitez rester, nous prendrons votre adh\u00e9sion, la saison d\u00e9bute le 1er vendredi suivant le forum des associations <a class=\"more-link\" href=\"https:\/\/landiphotoclub.fr\/?page_id=5\">Lire plus &#8230;<\/a><\/p>\n","protected":false},"author":1,"featured_media":0,"parent":0,"menu_order":0,"comment_status":"closed","ping_status":"closed","template":"","meta":{"footnotes":""},"class_list":["post-5","page","type-page","status-publish","hentry"],"_links":{"self":[{"href":"https:\/\/landiphotoclub.fr\/index.php?rest_route=\/wp\/v2\/pages\/5","targetHints":{"allow":["GET"]}}],"collection":[{"href":"https:\/\/landiphotoclub.fr\/index.php?rest_route=\/wp\/v2\/pages"}],"about":[{"href":"https:\/\/landiphotoclub.fr\/index.php?rest_route=\/wp\/v2\/types\/page"}],"author":[{"embeddable":true,"href":"https:\/\/landiphotoclub.fr\/index.php?rest_route=\/wp\/v2\/users\/1"}],"replies":[{"embeddable":true,"href":"https:\/\/landiphotoclub.fr\/index.php?rest_route=%2Fwp%2Fv2%2Fcomments&post=5"}],"version-history":[{"count":9,"href":"https:\/\/landiphotoclub.fr\/index.php?rest_route=\/wp\/v2\/pages\/5\/revisions"}],"predecessor-version":[{"id":2126,"href":"https:\/\/landiphotoclub.fr\/index.php?rest_route=\/wp\/v2\/pages\/5\/revisions\/2126"}],"wp:attachment":[{"href":"https:\/\/landiphotoclub.fr\/index.php?rest_route=%2Fwp%2Fv2%2Fmedia&parent=5"}],"curies":[{"name":"wp","href":"https:\/\/api.w.org\/{rel}","templated":true}]}}