{"id":39,"date":"2015-09-05T16:48:48","date_gmt":"2015-09-05T16:48:48","guid":{"rendered":"http:\/\/landiphotoclub.fr\/?page_id=39"},"modified":"2025-03-15T12:43:32","modified_gmt":"2025-03-15T10:43:32","slug":"accueil","status":"publish","type":"page","link":"https:\/\/landiphotoclub.fr\/","title":{"rendered":"Accueil"},"content":{"rendered":"<p><em>\u00a0\u00a0\u00a0\u00a0\u00a0\u00a0\u00a0\u00a0 \u00a0 \u00a0 \u00a0 \u00a0 \u00a0 \u00a0 \u00a0\u00a0\u00a0\u00a0\u00a0\u00a0\u00a0\u00a0\u00a0\u00a0\u00a0\u00a0\u00a0\u00a0\u00a0\u00a0\u00a0\u00a0\u00a0\u00a0\u00a0\u00a0\u00a0\u00a0\u00a0\u00a0\u00a0\u00a0\u00a0\u00a0\u00a0\u00a0\u00a0\u00a0\u00a0\u00a0\u00a0\u00a0\u00a0\u00a0\u00a0\u00a0\u00a0\u00a0\u00a0\u00a0\u00a0\u00a0\u00a0\u00a0\u00a0\u00a0\u00a0\u00a0\u00a0\u00a0\u00a0\u00a0\u00a0\u00a0\u00a0\u00a0\u00a0\u00a0\u00a0\u00a0\u00a0\u00a0\u00a0\u00a0\u00a0\u00a0\u00a0\u00a0\u00a0\u00a0\u00a0\u00a0\u00a0\u00a0\u00a0\u00a0\u00a0\u00a0\u00a0\u00a0\u00a0\u00a0\u00a0\u00a0\u00a0\u00a0\u00a0\u00a0\u00a0\u00a0\u00a0\u00a0\u00a0\u00a0\u00a0\u00a0\u00a0\u00a0\u00a0\u00a0\u00a0\u00a0\u00a0\u00a0\u00a0\u00a0 <\/em><br \/>\n<div class=\"su-row\">\n\n\n<div class=\"su-posts su-posts-single-post \">\n\n\t\t\t\t\t\t\n\t\t\t\n\t\t\t<div id=\"su-post-7\" class=\"su-post \">\n\t\t\t\t<h1 class=\"su-post-title\">Edito<\/h1>\n\t\t\t\t<div class=\"su-post-meta\">\n\t\t\t\t\tPubli\u00e9:\n\t\t\t\t\t5 septembre 2015\t\t\t\t\t\t\t\t\t<\/div>\n\t\t\t\t<div class=\"su-post-content\">\n\t\t\t\t\t<p class=\"first\">Le Landi Photo Club cr\u00e9\u00e9 en 1981 regroupe aujourd\u2019hui pr\u00e8s de 70 adh\u00e9rents, tous anim\u00e9s par la m\u00eame passion : la photographie. Dans une ambiance conviviale et de partage, nous nous retrouvons chaque vendredi soir \u00e0 20h30 \u00e0 la Maison de la Danse et Des Arts Jean Qu\u00e9r\u00e9 \u00e0 Landivisiau afin d\u2019\u00e9changer, de partager, de perfectionner nos connaissances dans le domaine de la photographie.<\/p>\n<p class=\"first\">Des ateliers sont propos\u00e9s chaque vendredi soir, par une \u00e9quipe de membres, pour permettre \u00e0 chacun de ma\u00eetriser les subtilit\u00e9s de son appareil, quelle que soit la marque, ou encore d\u2019approfondir les techniques de prise de vue, de retouche d\u2019images, etc. Chaque mois, un \u00ab concours mensuel \u00bb interne est propos\u00e9, il n\u2019y a rien \u00e0 gagner, juste \u00e0 participer ! Nous collaborons \u00e9galement avec le tissu associatif local, rien de tel pour mettre en pratique les connaissances acquises et progresser rapidement. Des sorties sont propos\u00e9es chaque mois (4), elles permettent de renforcer la coh\u00e9sion entre membres, de pratiquer et de partager ensemble la photographie.<\/p>\n<p class=\"first\">Nous r\u00e9alisons chaque saison un projet d\u2019exposition photos autour d\u2019un th\u00e8me d\u00e9fini en d\u00e9but de saison, environ cinquante photos sont retenues, elles font la fiert\u00e9 des membres et repr\u00e9sentent le club \u00e0 l\u2019\u00e9chelle locale. Enfin, nous disposons de diff\u00e9rents supports et \u00e9quipements, un studio \u00e9quip\u00e9 de 5 fonds, 2 vid\u00e9os projecteurs, divers mat\u00e9riels informatique et bureautique, un site internet, une page Facebook, un compte Flickr ou encore un forum en acc\u00e8s priv\u00e9 pour les membres.<\/p>\n<p class=\"first\">Vous l\u2019aurez compris, nous souhaitons proposer \u00e0 nos membres, de nombreuses activit\u00e9s vari\u00e9es tout au long de la saison, pour permettre \u00e0 chacun de d\u00e9couvrir la photographie dans un esprit ou bonne humeur, convivialit\u00e9 et partage sont les ma\u00eetres mots.<\/p>\n<div class=\"su-quote su-quote-style-default\"><div class=\"su-quote-inner su-u-clearfix su-u-trim\"><em><strong> Nous ne sommes pas une \u00e9cole de photo, mais une association ou chaque adh\u00e9rent vient enrichir la communaut\u00e9 par ses connaissances et comp\u00e9tences, alors si vous aussi, vous partagez cette m\u00eame passion, n&rsquo;h\u00e9sitez pas, rejoignez-nous !<\/strong><\/em><\/div><\/div>\n<p>Sylvain Baron (Pr\u00e9sident)<br \/>\nContact : <a href=\"mailto:contact@landiphotoclub.fr\" target=\"_blank\" rel=\"noopener noreferrer\">contact@landiphotoclub.fr<\/a><\/p>\n\t\t\t\t<\/div>\n\t\t\t<\/div>\n\n\t\t\t\t\n<\/div>\n\n<\/div>\n<div class=\"su-row\">\n<\/div>\n","protected":false},"excerpt":{"rendered":"<p>\u00a0\u00a0\u00a0\u00a0\u00a0\u00a0\u00a0\u00a0 \u00a0 \u00a0 \u00a0 \u00a0 \u00a0 \u00a0 \u00a0\u00a0\u00a0\u00a0\u00a0\u00a0\u00a0\u00a0\u00a0\u00a0\u00a0\u00a0\u00a0\u00a0\u00a0\u00a0\u00a0\u00a0\u00a0\u00a0\u00a0\u00a0\u00a0\u00a0\u00a0\u00a0\u00a0\u00a0\u00a0\u00a0\u00a0\u00a0\u00a0\u00a0\u00a0\u00a0\u00a0\u00a0\u00a0\u00a0\u00a0\u00a0\u00a0\u00a0\u00a0\u00a0\u00a0\u00a0\u00a0\u00a0\u00a0\u00a0\u00a0\u00a0\u00a0\u00a0\u00a0\u00a0\u00a0\u00a0\u00a0\u00a0\u00a0\u00a0\u00a0\u00a0\u00a0\u00a0\u00a0\u00a0\u00a0\u00a0\u00a0\u00a0\u00a0\u00a0\u00a0\u00a0\u00a0\u00a0\u00a0\u00a0\u00a0\u00a0\u00a0\u00a0\u00a0\u00a0\u00a0\u00a0\u00a0\u00a0\u00a0\u00a0\u00a0\u00a0\u00a0\u00a0\u00a0\u00a0\u00a0\u00a0\u00a0\u00a0\u00a0\u00a0\u00a0\u00a0\u00a0\u00a0\u00a0\u00a0<\/p>\n","protected":false},"author":1,"featured_media":0,"parent":0,"menu_order":0,"comment_status":"closed","ping_status":"open","template":"","meta":{"footnotes":""},"class_list":["post-39","page","type-page","status-publish","hentry"],"_links":{"self":[{"href":"https:\/\/landiphotoclub.fr\/index.php?rest_route=\/wp\/v2\/pages\/39","targetHints":{"allow":["GET"]}}],"collection":[{"href":"https:\/\/landiphotoclub.fr\/index.php?rest_route=\/wp\/v2\/pages"}],"about":[{"href":"https:\/\/landiphotoclub.fr\/index.php?rest_route=\/wp\/v2\/types\/page"}],"author":[{"embeddable":true,"href":"https:\/\/landiphotoclub.fr\/index.php?rest_route=\/wp\/v2\/users\/1"}],"replies":[{"embeddable":true,"href":"https:\/\/landiphotoclub.fr\/index.php?rest_route=%2Fwp%2Fv2%2Fcomments&post=39"}],"version-history":[{"count":139,"href":"https:\/\/landiphotoclub.fr\/index.php?rest_route=\/wp\/v2\/pages\/39\/revisions"}],"predecessor-version":[{"id":6602,"href":"https:\/\/landiphotoclub.fr\/index.php?rest_route=\/wp\/v2\/pages\/39\/revisions\/6602"}],"wp:attachment":[{"href":"https:\/\/landiphotoclub.fr\/index.php?rest_route=%2Fwp%2Fv2%2Fmedia&parent=39"}],"curies":[{"name":"wp","href":"https:\/\/api.w.org\/{rel}","templated":true}]}}