{"id":2107,"date":"2016-10-01T10:46:47","date_gmt":"2016-10-01T08:46:47","guid":{"rendered":"http:\/\/landiphotoclub.fr\/?page_id=2107"},"modified":"2026-02-17T21:54:36","modified_gmt":"2026-02-17T19:54:36","slug":"anachronismes","status":"publish","type":"page","link":"https:\/\/landiphotoclub.fr\/?page_id=2107","title":{"rendered":"Anachronismes"},"content":{"rendered":"<p>Lors de la saison 2016-2017, le Landi Photo Club a collabor\u00e9 avec l\u2019association Da\u00f1serien Lann Tivizio, pour un \u00a0projet passionnant intitul\u00e9 \u00ab\u00a0Anachronisme\u00a0\u00bb. Allier pass\u00e9 et pr\u00e9sent, tel \u00e9tait le d\u00e9fi propos\u00e9.L&rsquo;id\u00e9e \u00e9tait de photographier les membres du cercle celtique dans des situations anachroniques, un m\u00e9lange d&rsquo;\u00e9poques \u00e9tonnant\u00a0: des personnes en costumes d&rsquo;autrefois utilisant les moyens de transports modernes, des personnes en tenues d&rsquo;aujourd&rsquo;hui effectuant des activit\u00e9s d&rsquo;antan, telle\u00a0 la lessive au lavoir\u2026<\/p>\n<p>Les membres du club et les Da\u00f1serien se sont avec plaisir, pr\u00eat\u00e9s au jeu. Il fallait rivaliser d&rsquo;imagination pour r\u00e9aliser des clich\u00e9s originaux, o\u00f9 ma\u00eetrise du bo\u00eetier et art de la composition \u00e9taient essentiels.<\/p>\n<p>Ce projet est un clin d&rsquo;\u0153il \u00e0 notre histoire, nos a\u00een\u00e9s, nos traditions&#8230; N&rsquo;oublions pas nos racines, elles sont notre s\u00e8ve !Ce fut un r\u00e9el plaisir pour nos deux associations de pr\u00e9parer cette exposition qui regroupe 30 photographies imprim\u00e9es et pr\u00e9sent\u00e9es sous cadres.Une touche de nostalgie, un brin d&rsquo;inventivit\u00e9, un soup\u00e7on d&rsquo;humour, pour un cocktail visuel efficace qui ne manquera pas de vous charmer\u00a0!<\/p>\n<p><!-- Easy Photo Album --><\/p>\n<style type=\"text\/css\">\n\t#epa-album-2074-2107-0 .epa-image {\n\t\twidth: 31%;\n\t}\n<\/style>\n<ul id=\"epa-album-2074-2107-0\" class=\"epa-album epa-cf\">\n<li class=\"epa-row  epa-cf\">\n<div class=\"epa-image\"><a href=\"http:\/\/landiphotoclub.fr\/wp-content\/uploads\/2016\/10\/1-herv\u00e9-1024x768.jpg\" data-lightbox=\"epa-album-2074-2107-0\" title=\"\"><img decoding=\"async\" src=\"http:\/\/landiphotoclub.fr\/wp-content\/uploads\/2016\/10\/1-herv\u00e9-150x150.jpg\" alt=\"1-herve\"\/><br \/><span class=\"epa-title wp-caption\"><\/span><\/a><\/div>\n<div class=\"epa-image\"><a href=\"http:\/\/landiphotoclub.fr\/wp-content\/uploads\/2016\/10\/2-herv\u00e9-767x1024.jpg\" data-lightbox=\"epa-album-2074-2107-0\" title=\"\"><img decoding=\"async\" src=\"http:\/\/landiphotoclub.fr\/wp-content\/uploads\/2016\/10\/2-herv\u00e9-150x150.jpg\" alt=\"2-herve\"\/><br \/><span class=\"epa-title wp-caption\"><\/span><\/a><\/div>\n<div class=\"epa-image\"><a href=\"http:\/\/landiphotoclub.fr\/wp-content\/uploads\/2016\/10\/3-Herv\u00e9-1024x768.jpg\" data-lightbox=\"epa-album-2074-2107-0\" title=\"\"><img decoding=\"async\" src=\"http:\/\/landiphotoclub.fr\/wp-content\/uploads\/2016\/10\/3-Herv\u00e9-150x150.jpg\" alt=\"3-herve\"\/><br \/><span class=\"epa-title wp-caption\"><\/span><\/a><\/div>\n<p><span id=\"more-2107\"><\/span>\n\t\t\t\t<\/li>\n<li class=\"epa-row epa-cf\">\n<div class=\"epa-image\"><a href=\"http:\/\/landiphotoclub.fr\/wp-content\/uploads\/2016\/10\/4-Herv\u00e9-767x1024.jpg\" data-lightbox=\"epa-album-2074-2107-0\" title=\"\"><img decoding=\"async\" src=\"http:\/\/landiphotoclub.fr\/wp-content\/uploads\/2016\/10\/4-Herv\u00e9-150x150.jpg\" alt=\"4-herve\"\/><br \/><span class=\"epa-title wp-caption\"><\/span><\/a><\/div>\n<div class=\"epa-image\"><a href=\"http:\/\/landiphotoclub.fr\/wp-content\/uploads\/2016\/10\/5-Sylvain-767x1024.jpg\" data-lightbox=\"epa-album-2074-2107-0\" title=\"\"><img decoding=\"async\" src=\"http:\/\/landiphotoclub.fr\/wp-content\/uploads\/2016\/10\/5-Sylvain-150x150.jpg\" alt=\"5-sylvain\"\/><br \/><span class=\"epa-title wp-caption\"><\/span><\/a><\/div>\n<div class=\"epa-image\"><a href=\"http:\/\/landiphotoclub.fr\/wp-content\/uploads\/2016\/10\/6-Herv\u00e9-767x1024.jpg\" data-lightbox=\"epa-album-2074-2107-0\" title=\"\"><img decoding=\"async\" src=\"http:\/\/landiphotoclub.fr\/wp-content\/uploads\/2016\/10\/6-Herv\u00e9-150x150.jpg\" alt=\"6-herve\"\/><br \/><span class=\"epa-title wp-caption\"><\/span><\/a><\/div>\n<\/li>\n<li class=\"epa-row epa-cf\">\n<div class=\"epa-image\"><a href=\"http:\/\/landiphotoclub.fr\/wp-content\/uploads\/2016\/10\/7-Sylvain-768x1024.jpg\" data-lightbox=\"epa-album-2074-2107-0\" title=\"\"><img decoding=\"async\" src=\"http:\/\/landiphotoclub.fr\/wp-content\/uploads\/2016\/10\/7-Sylvain-150x150.jpg\" alt=\"7-sylvain\"\/><br \/><span class=\"epa-title wp-caption\"><\/span><\/a><\/div>\n<div class=\"epa-image\"><a href=\"http:\/\/landiphotoclub.fr\/wp-content\/uploads\/2016\/10\/8-Sylvain-768x1024.jpg\" data-lightbox=\"epa-album-2074-2107-0\" title=\"\"><img decoding=\"async\" src=\"http:\/\/landiphotoclub.fr\/wp-content\/uploads\/2016\/10\/8-Sylvain-150x150.jpg\" alt=\"8-sylvain\"\/><br \/><span class=\"epa-title wp-caption\"><\/span><\/a><\/div>\n<div class=\"epa-image\"><a href=\"http:\/\/landiphotoclub.fr\/wp-content\/uploads\/2016\/10\/9-Sylvain-768x1024.jpg\" data-lightbox=\"epa-album-2074-2107-0\" title=\"\"><img decoding=\"async\" src=\"http:\/\/landiphotoclub.fr\/wp-content\/uploads\/2016\/10\/9-Sylvain-150x150.jpg\" alt=\"9-sylvain\"\/><br \/><span class=\"epa-title wp-caption\"><\/span><\/a><\/div>\n<\/li>\n<li class=\"epa-row epa-cf\">\n<div class=\"epa-image\"><a href=\"http:\/\/landiphotoclub.fr\/wp-content\/uploads\/2016\/10\/10-Sylvain-1024x768.jpg\" data-lightbox=\"epa-album-2074-2107-0\" title=\"\"><img decoding=\"async\" src=\"http:\/\/landiphotoclub.fr\/wp-content\/uploads\/2016\/10\/10-Sylvain-150x150.jpg\" alt=\"10-sylvain\"\/><br \/><span class=\"epa-title wp-caption\"><\/span><\/a><\/div>\n<div class=\"epa-image\"><a href=\"http:\/\/landiphotoclub.fr\/wp-content\/uploads\/2016\/10\/11-Sylvain-768x1024.jpg\" data-lightbox=\"epa-album-2074-2107-0\" title=\"\"><img decoding=\"async\" src=\"http:\/\/landiphotoclub.fr\/wp-content\/uploads\/2016\/10\/11-Sylvain-150x150.jpg\" alt=\"11-sylvain\"\/><br \/><span class=\"epa-title wp-caption\"><\/span><\/a><\/div>\n<div class=\"epa-image\"><a href=\"http:\/\/landiphotoclub.fr\/wp-content\/uploads\/2016\/10\/12-Coralie-1024x768.jpg\" data-lightbox=\"epa-album-2074-2107-0\" title=\"\"><img decoding=\"async\" src=\"http:\/\/landiphotoclub.fr\/wp-content\/uploads\/2016\/10\/12-Coralie-150x150.jpg\" alt=\"12-coralie\"\/><br \/><span class=\"epa-title wp-caption\"><\/span><\/a><\/div>\n<\/li>\n<li class=\"epa-row epa-cf\">\n<div class=\"epa-image\"><a href=\"http:\/\/landiphotoclub.fr\/wp-content\/uploads\/2016\/10\/13-Julie-768x1024.jpg\" data-lightbox=\"epa-album-2074-2107-0\" title=\"\"><img decoding=\"async\" src=\"http:\/\/landiphotoclub.fr\/wp-content\/uploads\/2016\/10\/13-Julie-150x150.jpg\" alt=\"13-julie\"\/><br \/><span class=\"epa-title wp-caption\"><\/span><\/a><\/div>\n<div class=\"epa-image\"><a href=\"http:\/\/landiphotoclub.fr\/wp-content\/uploads\/2016\/10\/14-Antoine-1024x768.jpg\" data-lightbox=\"epa-album-2074-2107-0\" title=\"\"><img decoding=\"async\" src=\"http:\/\/landiphotoclub.fr\/wp-content\/uploads\/2016\/10\/14-Antoine-150x150.jpg\" alt=\"14-antoine\"\/><br \/><span class=\"epa-title wp-caption\"><\/span><\/a><\/div>\n<div class=\"epa-image\"><a href=\"http:\/\/landiphotoclub.fr\/wp-content\/uploads\/2016\/10\/15-Antoine-1024x768.jpg\" data-lightbox=\"epa-album-2074-2107-0\" title=\"\"><img decoding=\"async\" src=\"http:\/\/landiphotoclub.fr\/wp-content\/uploads\/2016\/10\/15-Antoine-150x150.jpg\" alt=\"15-antoine\"\/><br \/><span class=\"epa-title wp-caption\"><\/span><\/a><\/div>\n<\/li>\n<li class=\"epa-row epa-cf\">\n<div class=\"epa-image\"><a href=\"http:\/\/landiphotoclub.fr\/wp-content\/uploads\/2016\/10\/16-Antoine-1024x768.jpg\" data-lightbox=\"epa-album-2074-2107-0\" title=\"\"><img decoding=\"async\" src=\"http:\/\/landiphotoclub.fr\/wp-content\/uploads\/2016\/10\/16-Antoine-150x150.jpg\" alt=\"16-antoine\"\/><br \/><span class=\"epa-title wp-caption\"><\/span><\/a><\/div>\n<div class=\"epa-image\"><a href=\"http:\/\/landiphotoclub.fr\/wp-content\/uploads\/2016\/10\/17-Antoine-1024x768.jpg\" data-lightbox=\"epa-album-2074-2107-0\" title=\"\"><img decoding=\"async\" src=\"http:\/\/landiphotoclub.fr\/wp-content\/uploads\/2016\/10\/17-Antoine-150x150.jpg\" alt=\"17-antoine\"\/><br \/><span class=\"epa-title wp-caption\"><\/span><\/a><\/div>\n<div class=\"epa-image\"><a href=\"http:\/\/landiphotoclub.fr\/wp-content\/uploads\/2016\/10\/18-Antoine-1024x768.jpg\" data-lightbox=\"epa-album-2074-2107-0\" title=\"\"><img decoding=\"async\" src=\"http:\/\/landiphotoclub.fr\/wp-content\/uploads\/2016\/10\/18-Antoine-150x150.jpg\" alt=\"18-antoine\"\/><br \/><span class=\"epa-title wp-caption\"><\/span><\/a><\/div>\n<\/li>\n<li class=\"epa-row epa-cf\">\n<div class=\"epa-image\"><a href=\"http:\/\/landiphotoclub.fr\/wp-content\/uploads\/2016\/10\/19-Antoine-768x1024.jpg\" data-lightbox=\"epa-album-2074-2107-0\" title=\"\"><img decoding=\"async\" src=\"http:\/\/landiphotoclub.fr\/wp-content\/uploads\/2016\/10\/19-Antoine-150x150.jpg\" alt=\"19-antoine\"\/><br \/><span class=\"epa-title wp-caption\"><\/span><\/a><\/div>\n<div class=\"epa-image\"><a href=\"http:\/\/landiphotoclub.fr\/wp-content\/uploads\/2016\/10\/20-Antoine-1024x768.jpg\" data-lightbox=\"epa-album-2074-2107-0\" title=\"\"><img decoding=\"async\" src=\"http:\/\/landiphotoclub.fr\/wp-content\/uploads\/2016\/10\/20-Antoine-150x150.jpg\" alt=\"20-antoine\"\/><br \/><span class=\"epa-title wp-caption\"><\/span><\/a><\/div>\n<div class=\"epa-image\"><a href=\"http:\/\/landiphotoclub.fr\/wp-content\/uploads\/2016\/10\/21-Antoine-1024x768.jpg\" data-lightbox=\"epa-album-2074-2107-0\" title=\"\"><img decoding=\"async\" src=\"http:\/\/landiphotoclub.fr\/wp-content\/uploads\/2016\/10\/21-Antoine-150x150.jpg\" alt=\"21-antoine\"\/><br \/><span class=\"epa-title wp-caption\"><\/span><\/a><\/div>\n<\/li>\n<li class=\"epa-row epa-cf\">\n<div class=\"epa-image\"><a href=\"http:\/\/landiphotoclub.fr\/wp-content\/uploads\/2016\/10\/22-Antoine-768x1024.jpg\" data-lightbox=\"epa-album-2074-2107-0\" title=\"\"><img decoding=\"async\" src=\"http:\/\/landiphotoclub.fr\/wp-content\/uploads\/2016\/10\/22-Antoine-150x150.jpg\" alt=\"22-antoine\"\/><br \/><span class=\"epa-title wp-caption\"><\/span><\/a><\/div>\n<div class=\"epa-image\"><a href=\"http:\/\/landiphotoclub.fr\/wp-content\/uploads\/2016\/10\/23-Antoine-1024x768.jpg\" data-lightbox=\"epa-album-2074-2107-0\" title=\"\"><img decoding=\"async\" src=\"http:\/\/landiphotoclub.fr\/wp-content\/uploads\/2016\/10\/23-Antoine-150x150.jpg\" alt=\"23-antoine\"\/><br \/><span class=\"epa-title wp-caption\"><\/span><\/a><\/div>\n<div class=\"epa-image\"><a href=\"http:\/\/landiphotoclub.fr\/wp-content\/uploads\/2016\/10\/24-Antoine-1024x768.jpg\" data-lightbox=\"epa-album-2074-2107-0\" title=\"\"><img decoding=\"async\" src=\"http:\/\/landiphotoclub.fr\/wp-content\/uploads\/2016\/10\/24-Antoine-150x150.jpg\" alt=\"24-antoine\"\/><br \/><span class=\"epa-title wp-caption\"><\/span><\/a><\/div>\n<\/li>\n<li class=\"epa-row epa-cf\">\n<div class=\"epa-image\"><a href=\"http:\/\/landiphotoclub.fr\/wp-content\/uploads\/2016\/10\/25-Antoine-1024x768.jpg\" data-lightbox=\"epa-album-2074-2107-0\" title=\"\"><img decoding=\"async\" src=\"http:\/\/landiphotoclub.fr\/wp-content\/uploads\/2016\/10\/25-Antoine-150x150.jpg\" alt=\"25-antoine\"\/><br \/><span class=\"epa-title wp-caption\"><\/span><\/a><\/div>\n<div class=\"epa-image\"><a href=\"http:\/\/landiphotoclub.fr\/wp-content\/uploads\/2016\/10\/26-Antoine-1024x768.jpg\" data-lightbox=\"epa-album-2074-2107-0\" title=\"\"><img decoding=\"async\" src=\"http:\/\/landiphotoclub.fr\/wp-content\/uploads\/2016\/10\/26-Antoine-150x150.jpg\" alt=\"26-antoine\"\/><br \/><span class=\"epa-title wp-caption\"><\/span><\/a><\/div>\n<div class=\"epa-image\"><a href=\"http:\/\/landiphotoclub.fr\/wp-content\/uploads\/2016\/10\/27-Antoine-1024x682.jpg\" data-lightbox=\"epa-album-2074-2107-0\" title=\"\"><img decoding=\"async\" src=\"http:\/\/landiphotoclub.fr\/wp-content\/uploads\/2016\/10\/27-Antoine-150x150.jpg\" alt=\"27-antoine\"\/><br \/><span class=\"epa-title wp-caption\"><\/span><\/a><\/div>\n<\/li>\n<li class=\"epa-row epa-cf\">\n<div class=\"epa-image\"><a href=\"http:\/\/landiphotoclub.fr\/wp-content\/uploads\/2016\/10\/28-Antoine-1024x768.jpg\" data-lightbox=\"epa-album-2074-2107-0\" title=\"\"><img decoding=\"async\" src=\"http:\/\/landiphotoclub.fr\/wp-content\/uploads\/2016\/10\/28-Antoine-150x150.jpg\" alt=\"28-antoine\"\/><br \/><span class=\"epa-title wp-caption\"><\/span><\/a><\/div>\n<div class=\"epa-image\"><a href=\"http:\/\/landiphotoclub.fr\/wp-content\/uploads\/2016\/10\/29-Julie-768x1024.jpg\" data-lightbox=\"epa-album-2074-2107-0\" title=\"\"><img decoding=\"async\" src=\"http:\/\/landiphotoclub.fr\/wp-content\/uploads\/2016\/10\/29-Julie-150x150.jpg\" alt=\"29-julie\"\/><br \/><span class=\"epa-title wp-caption\"><\/span><\/a><\/div>\n<div class=\"epa-image\"><a href=\"http:\/\/landiphotoclub.fr\/wp-content\/uploads\/2016\/10\/30-Antoine-1024x767.jpg\" data-lightbox=\"epa-album-2074-2107-0\" title=\"\"><img decoding=\"async\" src=\"http:\/\/landiphotoclub.fr\/wp-content\/uploads\/2016\/10\/30-Antoine-150x150.jpg\" alt=\"30-antoine\"\/><br \/><span class=\"epa-title wp-caption\"><\/span><\/a><\/div>\n<\/li>\n<\/ul>\n\n","protected":false},"excerpt":{"rendered":"<!-- Easy Photo Album -->\r\n<style type=\"text\/css\">\r\n\t#epa-album-2074 .epa-image {\r\n\t\twidth: 31%;\r\n\t}\r\n<\/style><ul id=\"epa-album-2074\" class=\"epa-album epa-cf\">\r\n<li class=\"epa-row  epa-cf\">\r\n\t\t\t\t<div class=\"epa-image\"><a href=\"http:\/\/landiphotoclub.fr\/wp-content\/uploads\/2016\/10\/1-herv\u00e9-1024x768.jpg\" data-lightbox=\"epa-album-2074\" title=\"\"><img decoding=\"async\" src=\"http:\/\/landiphotoclub.fr\/wp-content\/uploads\/2016\/10\/1-herv\u00e9-150x150.jpg\" alt=\"1-herve\"\/><br\/><span class=\"epa-title wp-caption\"><\/span><\/a><\/div><div class=\"epa-image\"><a href=\"http:\/\/landiphotoclub.fr\/wp-content\/uploads\/2016\/10\/2-herv\u00e9-767x1024.jpg\" data-lightbox=\"epa-album-2074\" title=\"\"><img decoding=\"async\" src=\"http:\/\/landiphotoclub.fr\/wp-content\/uploads\/2016\/10\/2-herv\u00e9-150x150.jpg\" alt=\"2-herve\"\/><br\/><span class=\"epa-title wp-caption\"><\/span><\/a><\/div><div class=\"epa-image\"><a href=\"http:\/\/landiphotoclub.fr\/wp-content\/uploads\/2016\/10\/3-Herv\u00e9-1024x768.jpg\" data-lightbox=\"epa-album-2074\" title=\"\"><img decoding=\"async\" src=\"http:\/\/landiphotoclub.fr\/wp-content\/uploads\/2016\/10\/3-Herv\u00e9-150x150.jpg\" alt=\"3-herve\"\/><br\/><span class=\"epa-title wp-caption\"><\/span><\/a><\/div>\r\n<span id=\"more-2107\"><\/span>\r\n\t\t\t\t<\/li><li class=\"epa-row epa-cf\"><div class=\"epa-image\"><a href=\"http:\/\/landiphotoclub.fr\/wp-content\/uploads\/2016\/10\/4-Herv\u00e9-767x1024.jpg\" data-lightbox=\"epa-album-2074\" title=\"\"><img decoding=\"async\" src=\"http:\/\/landiphotoclub.fr\/wp-content\/uploads\/2016\/10\/4-Herv\u00e9-150x150.jpg\" alt=\"4-herve\"\/><br\/><span class=\"epa-title wp-caption\"><\/span><\/a><\/div><div class=\"epa-image\"><a href=\"http:\/\/landiphotoclub.fr\/wp-content\/uploads\/2016\/10\/5-Sylvain-767x1024.jpg\" data-lightbox=\"epa-album-2074\" title=\"\"><img decoding=\"async\" src=\"http:\/\/landiphotoclub.fr\/wp-content\/uploads\/2016\/10\/5-Sylvain-150x150.jpg\" alt=\"5-sylvain\"\/><br\/><span class=\"epa-title wp-caption\"><\/span><\/a><\/div><div class=\"epa-image\"><a href=\"http:\/\/landiphotoclub.fr\/wp-content\/uploads\/2016\/10\/6-Herv\u00e9-767x1024.jpg\" data-lightbox=\"epa-album-2074\" title=\"\"><img decoding=\"async\" src=\"http:\/\/landiphotoclub.fr\/wp-content\/uploads\/2016\/10\/6-Herv\u00e9-150x150.jpg\" alt=\"6-herve\"\/><br\/><span class=\"epa-title wp-caption\"><\/span><\/a><\/div><\/li><li class=\"epa-row epa-cf\"><div class=\"epa-image\"><a href=\"http:\/\/landiphotoclub.fr\/wp-content\/uploads\/2016\/10\/7-Sylvain-768x1024.jpg\" data-lightbox=\"epa-album-2074\" title=\"\"><img decoding=\"async\" src=\"http:\/\/landiphotoclub.fr\/wp-content\/uploads\/2016\/10\/7-Sylvain-150x150.jpg\" alt=\"7-sylvain\"\/><br\/><span class=\"epa-title wp-caption\"><\/span><\/a><\/div><div class=\"epa-image\"><a href=\"http:\/\/landiphotoclub.fr\/wp-content\/uploads\/2016\/10\/8-Sylvain-768x1024.jpg\" data-lightbox=\"epa-album-2074\" title=\"\"><img decoding=\"async\" src=\"http:\/\/landiphotoclub.fr\/wp-content\/uploads\/2016\/10\/8-Sylvain-150x150.jpg\" alt=\"8-sylvain\"\/><br\/><span class=\"epa-title wp-caption\"><\/span><\/a><\/div><div class=\"epa-image\"><a href=\"http:\/\/landiphotoclub.fr\/wp-content\/uploads\/2016\/10\/9-Sylvain-768x1024.jpg\" data-lightbox=\"epa-album-2074\" title=\"\"><img decoding=\"async\" src=\"http:\/\/landiphotoclub.fr\/wp-content\/uploads\/2016\/10\/9-Sylvain-150x150.jpg\" alt=\"9-sylvain\"\/><br\/><span class=\"epa-title wp-caption\"><\/span><\/a><\/div><\/li><li class=\"epa-row epa-cf\"><div class=\"epa-image\"><a href=\"http:\/\/landiphotoclub.fr\/wp-content\/uploads\/2016\/10\/10-Sylvain-1024x768.jpg\" data-lightbox=\"epa-album-2074\" title=\"\"><img decoding=\"async\" src=\"http:\/\/landiphotoclub.fr\/wp-content\/uploads\/2016\/10\/10-Sylvain-150x150.jpg\" alt=\"10-sylvain\"\/><br\/><span class=\"epa-title wp-caption\"><\/span><\/a><\/div><div class=\"epa-image\"><a href=\"http:\/\/landiphotoclub.fr\/wp-content\/uploads\/2016\/10\/11-Sylvain-768x1024.jpg\" data-lightbox=\"epa-album-2074\" title=\"\"><img decoding=\"async\" src=\"http:\/\/landiphotoclub.fr\/wp-content\/uploads\/2016\/10\/11-Sylvain-150x150.jpg\" alt=\"11-sylvain\"\/><br\/><span class=\"epa-title wp-caption\"><\/span><\/a><\/div><div class=\"epa-image\"><a href=\"http:\/\/landiphotoclub.fr\/wp-content\/uploads\/2016\/10\/12-Coralie-1024x768.jpg\" data-lightbox=\"epa-album-2074\" title=\"\"><img decoding=\"async\" src=\"http:\/\/landiphotoclub.fr\/wp-content\/uploads\/2016\/10\/12-Coralie-150x150.jpg\" alt=\"12-coralie\"\/><br\/><span class=\"epa-title wp-caption\"><\/span><\/a><\/div><\/li><li class=\"epa-row epa-cf\"><div class=\"epa-image\"><a href=\"http:\/\/landiphotoclub.fr\/wp-content\/uploads\/2016\/10\/13-Julie-768x1024.jpg\" data-lightbox=\"epa-album-2074\" title=\"\"><img decoding=\"async\" src=\"http:\/\/landiphotoclub.fr\/wp-content\/uploads\/2016\/10\/13-Julie-150x150.jpg\" alt=\"13-julie\"\/><br\/><span class=\"epa-title wp-caption\"><\/span><\/a><\/div><div class=\"epa-image\"><a href=\"http:\/\/landiphotoclub.fr\/wp-content\/uploads\/2016\/10\/14-Antoine-1024x768.jpg\" data-lightbox=\"epa-album-2074\" title=\"\"><img decoding=\"async\" src=\"http:\/\/landiphotoclub.fr\/wp-content\/uploads\/2016\/10\/14-Antoine-150x150.jpg\" alt=\"14-antoine\"\/><br\/><span class=\"epa-title wp-caption\"><\/span><\/a><\/div><div class=\"epa-image\"><a href=\"http:\/\/landiphotoclub.fr\/wp-content\/uploads\/2016\/10\/15-Antoine-1024x768.jpg\" data-lightbox=\"epa-album-2074\" title=\"\"><img decoding=\"async\" src=\"http:\/\/landiphotoclub.fr\/wp-content\/uploads\/2016\/10\/15-Antoine-150x150.jpg\" alt=\"15-antoine\"\/><br\/><span class=\"epa-title wp-caption\"><\/span><\/a><\/div><\/li><li class=\"epa-row epa-cf\"><div class=\"epa-image\"><a href=\"http:\/\/landiphotoclub.fr\/wp-content\/uploads\/2016\/10\/16-Antoine-1024x768.jpg\" data-lightbox=\"epa-album-2074\" title=\"\"><img decoding=\"async\" src=\"http:\/\/landiphotoclub.fr\/wp-content\/uploads\/2016\/10\/16-Antoine-150x150.jpg\" alt=\"16-antoine\"\/><br\/><span class=\"epa-title wp-caption\"><\/span><\/a><\/div><div class=\"epa-image\"><a href=\"http:\/\/landiphotoclub.fr\/wp-content\/uploads\/2016\/10\/17-Antoine-1024x768.jpg\" data-lightbox=\"epa-album-2074\" title=\"\"><img decoding=\"async\" src=\"http:\/\/landiphotoclub.fr\/wp-content\/uploads\/2016\/10\/17-Antoine-150x150.jpg\" alt=\"17-antoine\"\/><br\/><span class=\"epa-title wp-caption\"><\/span><\/a><\/div><div class=\"epa-image\"><a href=\"http:\/\/landiphotoclub.fr\/wp-content\/uploads\/2016\/10\/18-Antoine-1024x768.jpg\" data-lightbox=\"epa-album-2074\" title=\"\"><img decoding=\"async\" src=\"http:\/\/landiphotoclub.fr\/wp-content\/uploads\/2016\/10\/18-Antoine-150x150.jpg\" alt=\"18-antoine\"\/><br\/><span class=\"epa-title wp-caption\"><\/span><\/a><\/div><\/li><li class=\"epa-row epa-cf\"><div class=\"epa-image\"><a href=\"http:\/\/landiphotoclub.fr\/wp-content\/uploads\/2016\/10\/19-Antoine-768x1024.jpg\" data-lightbox=\"epa-album-2074\" title=\"\"><img decoding=\"async\" src=\"http:\/\/landiphotoclub.fr\/wp-content\/uploads\/2016\/10\/19-Antoine-150x150.jpg\" alt=\"19-antoine\"\/><br\/><span class=\"epa-title wp-caption\"><\/span><\/a><\/div><div class=\"epa-image\"><a href=\"http:\/\/landiphotoclub.fr\/wp-content\/uploads\/2016\/10\/20-Antoine-1024x768.jpg\" data-lightbox=\"epa-album-2074\" title=\"\"><img decoding=\"async\" src=\"http:\/\/landiphotoclub.fr\/wp-content\/uploads\/2016\/10\/20-Antoine-150x150.jpg\" alt=\"20-antoine\"\/><br\/><span class=\"epa-title wp-caption\"><\/span><\/a><\/div><div class=\"epa-image\"><a href=\"http:\/\/landiphotoclub.fr\/wp-content\/uploads\/2016\/10\/21-Antoine-1024x768.jpg\" data-lightbox=\"epa-album-2074\" title=\"\"><img decoding=\"async\" src=\"http:\/\/landiphotoclub.fr\/wp-content\/uploads\/2016\/10\/21-Antoine-150x150.jpg\" alt=\"21-antoine\"\/><br\/><span class=\"epa-title wp-caption\"><\/span><\/a><\/div><\/li><li class=\"epa-row epa-cf\"><div class=\"epa-image\"><a href=\"http:\/\/landiphotoclub.fr\/wp-content\/uploads\/2016\/10\/22-Antoine-768x1024.jpg\" data-lightbox=\"epa-album-2074\" title=\"\"><img decoding=\"async\" src=\"http:\/\/landiphotoclub.fr\/wp-content\/uploads\/2016\/10\/22-Antoine-150x150.jpg\" alt=\"22-antoine\"\/><br\/><span class=\"epa-title wp-caption\"><\/span><\/a><\/div><div class=\"epa-image\"><a href=\"http:\/\/landiphotoclub.fr\/wp-content\/uploads\/2016\/10\/23-Antoine-1024x768.jpg\" data-lightbox=\"epa-album-2074\" title=\"\"><img decoding=\"async\" src=\"http:\/\/landiphotoclub.fr\/wp-content\/uploads\/2016\/10\/23-Antoine-150x150.jpg\" alt=\"23-antoine\"\/><br\/><span class=\"epa-title wp-caption\"><\/span><\/a><\/div><div class=\"epa-image\"><a href=\"http:\/\/landiphotoclub.fr\/wp-content\/uploads\/2016\/10\/24-Antoine-1024x768.jpg\" data-lightbox=\"epa-album-2074\" title=\"\"><img decoding=\"async\" src=\"http:\/\/landiphotoclub.fr\/wp-content\/uploads\/2016\/10\/24-Antoine-150x150.jpg\" alt=\"24-antoine\"\/><br\/><span class=\"epa-title wp-caption\"><\/span><\/a><\/div><\/li><li class=\"epa-row epa-cf\"><div class=\"epa-image\"><a href=\"http:\/\/landiphotoclub.fr\/wp-content\/uploads\/2016\/10\/25-Antoine-1024x768.jpg\" data-lightbox=\"epa-album-2074\" title=\"\"><img decoding=\"async\" src=\"http:\/\/landiphotoclub.fr\/wp-content\/uploads\/2016\/10\/25-Antoine-150x150.jpg\" alt=\"25-antoine\"\/><br\/><span class=\"epa-title wp-caption\"><\/span><\/a><\/div><div class=\"epa-image\"><a href=\"http:\/\/landiphotoclub.fr\/wp-content\/uploads\/2016\/10\/26-Antoine-1024x768.jpg\" data-lightbox=\"epa-album-2074\" title=\"\"><img decoding=\"async\" src=\"http:\/\/landiphotoclub.fr\/wp-content\/uploads\/2016\/10\/26-Antoine-150x150.jpg\" alt=\"26-antoine\"\/><br\/><span class=\"epa-title wp-caption\"><\/span><\/a><\/div><div class=\"epa-image\"><a href=\"http:\/\/landiphotoclub.fr\/wp-content\/uploads\/2016\/10\/27-Antoine-1024x682.jpg\" data-lightbox=\"epa-album-2074\" title=\"\"><img decoding=\"async\" src=\"http:\/\/landiphotoclub.fr\/wp-content\/uploads\/2016\/10\/27-Antoine-150x150.jpg\" alt=\"27-antoine\"\/><br\/><span class=\"epa-title wp-caption\"><\/span><\/a><\/div><\/li><li class=\"epa-row epa-cf\"><div class=\"epa-image\"><a href=\"http:\/\/landiphotoclub.fr\/wp-content\/uploads\/2016\/10\/28-Antoine-1024x768.jpg\" data-lightbox=\"epa-album-2074\" title=\"\"><img decoding=\"async\" src=\"http:\/\/landiphotoclub.fr\/wp-content\/uploads\/2016\/10\/28-Antoine-150x150.jpg\" alt=\"28-antoine\"\/><br\/><span class=\"epa-title wp-caption\"><\/span><\/a><\/div><div class=\"epa-image\"><a href=\"http:\/\/landiphotoclub.fr\/wp-content\/uploads\/2016\/10\/29-Julie-768x1024.jpg\" data-lightbox=\"epa-album-2074\" title=\"\"><img decoding=\"async\" src=\"http:\/\/landiphotoclub.fr\/wp-content\/uploads\/2016\/10\/29-Julie-150x150.jpg\" alt=\"29-julie\"\/><br\/><span class=\"epa-title wp-caption\"><\/span><\/a><\/div><div class=\"epa-image\"><a href=\"http:\/\/landiphotoclub.fr\/wp-content\/uploads\/2016\/10\/30-Antoine-1024x767.jpg\" data-lightbox=\"epa-album-2074\" title=\"\"><img decoding=\"async\" src=\"http:\/\/landiphotoclub.fr\/wp-content\/uploads\/2016\/10\/30-Antoine-150x150.jpg\" alt=\"30-antoine\"\/><br\/><span class=\"epa-title wp-caption\"><\/span><\/a><\/div><\/li><\/ul>","protected":false},"author":1,"featured_media":0,"parent":0,"menu_order":0,"comment_status":"closed","ping_status":"closed","template":"","meta":{"footnotes":""},"class_list":["post-2107","page","type-page","status-publish","hentry"],"_links":{"self":[{"href":"https:\/\/landiphotoclub.fr\/index.php?rest_route=\/wp\/v2\/pages\/2107","targetHints":{"allow":["GET"]}}],"collection":[{"href":"https:\/\/landiphotoclub.fr\/index.php?rest_route=\/wp\/v2\/pages"}],"about":[{"href":"https:\/\/landiphotoclub.fr\/index.php?rest_route=\/wp\/v2\/types\/page"}],"author":[{"embeddable":true,"href":"https:\/\/landiphotoclub.fr\/index.php?rest_route=\/wp\/v2\/users\/1"}],"replies":[{"embeddable":true,"href":"https:\/\/landiphotoclub.fr\/index.php?rest_route=%2Fwp%2Fv2%2Fcomments&post=2107"}],"version-history":[{"count":4,"href":"https:\/\/landiphotoclub.fr\/index.php?rest_route=\/wp\/v2\/pages\/2107\/revisions"}],"predecessor-version":[{"id":7960,"href":"https:\/\/landiphotoclub.fr\/index.php?rest_route=\/wp\/v2\/pages\/2107\/revisions\/7960"}],"wp:attachment":[{"href":"https:\/\/landiphotoclub.fr\/index.php?rest_route=%2Fwp%2Fv2%2Fmedia&parent=2107"}],"curies":[{"name":"wp","href":"https:\/\/api.w.org\/{rel}","templated":true}]}}