{"id":15,"date":"2015-09-05T16:09:23","date_gmt":"2015-09-05T16:09:23","guid":{"rendered":"http:\/\/landiphotoclub.fr\/?page_id=15"},"modified":"2025-03-16T01:18:04","modified_gmt":"2025-03-15T23:18:04","slug":"quest-ce-que-le-landi-photo-club","status":"publish","type":"page","link":"https:\/\/landiphotoclub.fr\/?page_id=15","title":{"rendered":"Qu&rsquo;est ce que le Landi Photo Club ?"},"content":{"rendered":"<p class=\"first\">Le Landi Photo Club, est une association loi 1901 fond\u00e9e en 1981 par une poign\u00e9e d&rsquo;amateurs de la photographie.<\/p>\n<p>Souvenez-vous en 1981, la photographie \u00e9tait argentique et il fallait charger des pellicules pouvant prendre 2 ou 3 douzaines de photos avec la m\u00eame sensibilit\u00e9 entre les poses.\u00a0 Et oui, il fallait bien r\u00e9fl\u00e9chir \u00e0 son cadrage, sa gestion de la lumi\u00e8re avant de d\u00e9clencher. De plus, la photo n&rsquo;\u00e9tait visible qu&rsquo;apr\u00e8s la \u00ab\u00a0magie du d\u00e9veloppement \u00a0\u00bb : les diff\u00e9rents bains pour d\u00e9velopper la pellicule, puis r\u00e9v\u00e9ler, fixer l&rsquo;image sur le papier photo par le biais d&rsquo;un agrandisseur.<\/p>\n<p>Aujourd&rsquo;hui, la photographie est devenue num\u00e9rique, permettant un gain de temps pour \u00ab\u00a0voir\u00a0\u00bb ses photos de suite et ainsi ne pas h\u00e9siter \u00e0 se tromper en d\u00e9clenchant plusieurs fois avant d&rsquo;obtenir LA photo.<\/p>\n<p>Quelle soit argentique ou num\u00e9rique, la photo est avant tout une passion que le club a su pr\u00e9server depuis ses d\u00e9buts.<\/p>\n<p>Aujourd&rsquo;hui, apr\u00e8s une forte progression les membres continuent de se retrouver tous les vendredis soir, \u00e0 la Maison de la Danse et des Arts, pr\u00e8s du centre Leclerc,situ\u00e9e Boulevard de la R\u00e9publique \u00e0 Landivisiau, afin d&rsquo;\u00e9changer, partager, et perfectionner leurs connaissances dans le domaine de la photographie.<\/p>\n<p>Le club dispose entre autre, d&rsquo;un studio \u00e9quip\u00e9 de deux flashs et de plusieurs fonds de couleurs ainsi qu&rsquo;un poste informatique.<\/p>\n<p><img loading=\"lazy\" decoding=\"async\" class=\"aligncenter size-full wp-image-4289\" src=\"https:\/\/landiphotoclub.fr\/wp-content\/uploads\/2020\/09\/STUDIO.jpg\" alt=\"\" width=\"2500\" height=\"1667\" srcset=\"https:\/\/landiphotoclub.fr\/wp-content\/uploads\/2020\/09\/STUDIO.jpg 2500w, https:\/\/landiphotoclub.fr\/wp-content\/uploads\/2020\/09\/STUDIO-300x200.jpg 300w, https:\/\/landiphotoclub.fr\/wp-content\/uploads\/2020\/09\/STUDIO-1024x683.jpg 1024w, https:\/\/landiphotoclub.fr\/wp-content\/uploads\/2020\/09\/STUDIO-1536x1024.jpg 1536w, https:\/\/landiphotoclub.fr\/wp-content\/uploads\/2020\/09\/STUDIO-2048x1366.jpg 2048w\" sizes=\"auto, (max-width: 2500px) 100vw, 2500px\" \/><\/p>\n<p>&nbsp;<\/p>\n<p>Chaque vendredi, diff\u00e9rents ateliers sont propos\u00e9s par des membres, pour les membres, afin d&rsquo;apprendre \u00e0 ma\u00eetriser son appareil, quelle que soit la marque, et approfondir ses connaissances sur la composition, la retouche d&rsquo;images, etc&#8230;<\/p>\n<p><img loading=\"lazy\" decoding=\"async\" class=\"aligncenter size-full wp-image-3075\" src=\"http:\/\/landiphotoclub.fr\/wp-content\/uploads\/2018\/11\/42351440_2202654100018316_4895469149217619968_o.jpg\" alt=\"\" width=\"1875\" height=\"935\" srcset=\"https:\/\/landiphotoclub.fr\/wp-content\/uploads\/2018\/11\/42351440_2202654100018316_4895469149217619968_o.jpg 1875w, https:\/\/landiphotoclub.fr\/wp-content\/uploads\/2018\/11\/42351440_2202654100018316_4895469149217619968_o-300x150.jpg 300w, https:\/\/landiphotoclub.fr\/wp-content\/uploads\/2018\/11\/42351440_2202654100018316_4895469149217619968_o-1024x511.jpg 1024w\" sizes=\"auto, (max-width: 1875px) 100vw, 1875px\" \/><\/p>\n<p>Nous organisons \u00e9galement un \u00ab concours mensuel \u00bb interne, il n&rsquo;y a rien \u00e0 gagner, juste le plaisir d&rsquo;y participer !<br \/>\nDes sorties photos sont propos\u00e9es deux fois par mois, permettant de parfaire notre pratique en fonction des sujets choisis.<\/p>\n<p>Enfin, nous essayons de partager notre passion avec les autres associations Landivisiennes, en exemple, les travaux r\u00e9alis\u00e9s en 2012 avec le cercle de danse Danserienn : une cinquantaine de photos en costumes anciens mises sous cadre, un livre photo pour une \u00e9quipe du Landi Basket en 2013, des photos r\u00e9alis\u00e9es avec l&rsquo;association Lanaour lors des derniers carnavals (2012-2014-2016), ou encore, la r\u00e9alisation du calendrier 2015 de l&rsquo;amicale des pompiers. En 2016 nous avons de nouveau collabor\u00e9 avec les Danserienn pour le projet \u00ab\u00a0Anachronismes\u00a0\u00bb, nous sommes \u00e9galement r\u00e9guli\u00e8rement pr\u00e9sents sur des trails locaux organis\u00e9s par les Troterrien ou les trotteurs de la Penz\u00e9.<\/p>\n<p>Depuis 2015, nous r\u00e9alisons\u00a0 une exposition annuelle :<\/p>\n<ul>\n<li>2015 : \u00ab\u00a0Regards En Finist\u00e8re\u00a0\u00bb;\u00a0 50 photos sur les paysages vari\u00e9s de la r\u00e9gion.<\/li>\n<li>2016:\u00a0 \u00ab\u00a0Autour Du Cheval&rsquo; ; 60 photos sur le th\u00e8me du cheval, embl\u00e8me de la ville de Landivisiau.<\/li>\n<li>2017 : \u00ab\u00a0Haut en Couleurs\u00a0\u00bb; 38 photos sur le th\u00e8me du minimalisme et de la couleur.<\/li>\n<li>2018 : \u00ab\u00a0Objectif Cuisine\u00a0\u00bb; 50 photos sur le th\u00e8me de l&rsquo;univers culinaire.<\/li>\n<li>2019:\u00a0 \u00ab\u00a0M\u00e9tier, Patrimoine &amp; Traditions\u00a0\u00bb; 50 photos pour red\u00e9couvrir la richesse de la CCPL.<\/li>\n<li>2021 : \u00ab\u00a0L&rsquo;eau dans tous ses \u00e9tats\u00a0\u00bb : 47 photos de 47 membres du club mettant en avant une des ressources les plus importantes de notre plan\u00e8te : l\u2019eau<\/li>\n<li>2022 : \u00ab\u00a0Ombres &amp; Lumi\u00e8res \u00a0\u00bb : 50 photos mettant en avant ce qui permet de composer des images : les ombres et les lumi\u00e8res.<\/li>\n<li>2023 : \u00ab\u00a0Monochrome\u00a0\u00bb : 50 photographies acidul\u00e9es \u00e0 d\u00e9couvrir.<\/li>\n<li>2024 : \u00ab\u00a0Insolite\u00a0\u00bb : 50 photographies \u00e9tonnantes, inattendues&#8230;<\/li>\n<li>2025 : \u00ab\u00a0Reflets\u00a0\u00bb<\/li>\n<\/ul>\n<p>Depuis 2023, nous participons \u00e9galement au Festival Pluie d&rsquo;Images, dans la r\u00e9gion brestoise.<\/p>\n<ul>\n<li>2023 : Festival Pluie d&rsquo;Images sur le th\u00e8me \u00ab\u00a0Aliments-Terre\u00a0\u00bb<\/li>\n<li>2024 : Festival Pluie d&rsquo;Images sur le th\u00e8me \u00ab\u00a0Les 15-25\u00a0\u00bb<\/li>\n<li>2025 : Festival Pluie d&rsquo;Images sur le th\u00e8me \u00ab\u00a0\u00catre ailleurs\u00a0\u00bb<\/li>\n<\/ul>\n","protected":false},"excerpt":{"rendered":"<p>Le Landi Photo Club, est une association loi 1901 fond\u00e9e en 1981 par une poign\u00e9e d&rsquo;amateurs de la photographie. Souvenez-vous en 1981, la photographie \u00e9tait argentique et il fallait charger des pellicules pouvant prendre 2 ou 3 douzaines de photos avec la m\u00eame sensibilit\u00e9 entre les poses.\u00a0 Et oui, il fallait bien r\u00e9fl\u00e9chir \u00e0 son <a class=\"more-link\" href=\"https:\/\/landiphotoclub.fr\/?page_id=15\">Lire plus &#8230;<\/a><\/p>\n","protected":false},"author":1,"featured_media":0,"parent":0,"menu_order":0,"comment_status":"closed","ping_status":"closed","template":"","meta":{"footnotes":""},"class_list":["post-15","page","type-page","status-publish","hentry"],"_links":{"self":[{"href":"https:\/\/landiphotoclub.fr\/index.php?rest_route=\/wp\/v2\/pages\/15","targetHints":{"allow":["GET"]}}],"collection":[{"href":"https:\/\/landiphotoclub.fr\/index.php?rest_route=\/wp\/v2\/pages"}],"about":[{"href":"https:\/\/landiphotoclub.fr\/index.php?rest_route=\/wp\/v2\/types\/page"}],"author":[{"embeddable":true,"href":"https:\/\/landiphotoclub.fr\/index.php?rest_route=\/wp\/v2\/users\/1"}],"replies":[{"embeddable":true,"href":"https:\/\/landiphotoclub.fr\/index.php?rest_route=%2Fwp%2Fv2%2Fcomments&post=15"}],"version-history":[{"count":23,"href":"https:\/\/landiphotoclub.fr\/index.php?rest_route=\/wp\/v2\/pages\/15\/revisions"}],"predecessor-version":[{"id":6787,"href":"https:\/\/landiphotoclub.fr\/index.php?rest_route=\/wp\/v2\/pages\/15\/revisions\/6787"}],"wp:attachment":[{"href":"https:\/\/landiphotoclub.fr\/index.php?rest_route=%2Fwp%2Fv2%2Fmedia&parent=15"}],"curies":[{"name":"wp","href":"https:\/\/api.w.org\/{rel}","templated":true}]}}