{"id":1040,"date":"2015-10-13T18:36:38","date_gmt":"2015-10-13T16:36:38","guid":{"rendered":"http:\/\/landiphotoclub.fr\/?page_id=1040"},"modified":"2015-10-13T19:02:25","modified_gmt":"2015-10-13T17:02:25","slug":"le-club","status":"publish","type":"page","link":"https:\/\/landiphotoclub.fr\/?page_id=1040","title":{"rendered":"Le Club"},"content":{"rendered":"<ol>\n<li><a href=\"http:\/\/landiphotoclub.fr\/?page_id=15\">Pr\u00e9sentation<\/a><\/li>\n<li><a href=\"http:\/\/landiphotoclub.fr\/?cat=7\">Actualit\u00e9s<\/a><\/li>\n<li><a href=\"http:\/\/landiphotoclub.fr\/?page_id=9\">Le Bureau<\/a><\/li>\n<li><a href=\"http:\/\/landiphotoclub.fr\/?page_id=13\">Les Membres<\/a><\/li>\n<li><a href=\"http:\/\/landiphotoclub.fr\/?page_id=5\">Adh\u00e9rer<\/a><\/li>\n<\/ol>\n","protected":false},"excerpt":{"rendered":"<p>Pr\u00e9sentation Actualit\u00e9s Le Bureau Les Membres Adh\u00e9rer<\/p>\n","protected":false},"author":1,"featured_media":0,"parent":0,"menu_order":0,"comment_status":"closed","ping_status":"closed","template":"","meta":{"footnotes":""},"class_list":["post-1040","page","type-page","status-publish","hentry"],"_links":{"self":[{"href":"https:\/\/landiphotoclub.fr\/index.php?rest_route=\/wp\/v2\/pages\/1040","targetHints":{"allow":["GET"]}}],"collection":[{"href":"https:\/\/landiphotoclub.fr\/index.php?rest_route=\/wp\/v2\/pages"}],"about":[{"href":"https:\/\/landiphotoclub.fr\/index.php?rest_route=\/wp\/v2\/types\/page"}],"author":[{"embeddable":true,"href":"https:\/\/landiphotoclub.fr\/index.php?rest_route=\/wp\/v2\/users\/1"}],"replies":[{"embeddable":true,"href":"https:\/\/landiphotoclub.fr\/index.php?rest_route=%2Fwp%2Fv2%2Fcomments&post=1040"}],"version-history":[{"count":3,"href":"https:\/\/landiphotoclub.fr\/index.php?rest_route=\/wp\/v2\/pages\/1040\/revisions"}],"predecessor-version":[{"id":1049,"href":"https:\/\/landiphotoclub.fr\/index.php?rest_route=\/wp\/v2\/pages\/1040\/revisions\/1049"}],"wp:attachment":[{"href":"https:\/\/landiphotoclub.fr\/index.php?rest_route=%2Fwp%2Fv2%2Fmedia&parent=1040"}],"curies":[{"name":"wp","href":"https:\/\/api.w.org\/{rel}","templated":true}]}}